{"id":76,"date":"2022-05-11T18:32:47","date_gmt":"2022-05-11T18:32:47","guid":{"rendered":"http:\/\/pppsroda.pl\/?page_id=76"},"modified":"2022-05-11T18:33:04","modified_gmt":"2022-05-11T18:33:04","slug":"historia","status":"publish","type":"page","link":"https:\/\/pppsroda.pl\/index.php\/historia\/","title":{"rendered":"Historia"},"content":{"rendered":"<h3>HISTORIA<\/h3>\n<p>Poradnia Psychologiczno-Pedagogiczna w \u015arodzie Wlkp. jest jedn\u0105 z najd\u0142u\u017cej funkcjonuj\u0105cych poradni w Wielkopolsce. Sw\u0105 dzia\u0142alno\u015b\u0107 rozpocz\u0119\u0142a 45 lat temu tj. 2 listopada 1960 r., jako Poradnia Spo\u0142eczno-Wychowawcza. Jej kierownikiem zosta\u0142a pani mgr Maria Piotrowska, psycholog, kt\u00f3ra szefowa\u0142a plac\u00f3wce nieprzerwanie przez 20 lat.<\/p>\n<p>Nowopowsta\u0142a Poradnia, poza pani\u0105 kierownik, zatrudnia\u0142a 2 pedagog\u00f3w, \u015bwietliczank\u0119 oraz pracownika obs\u0142ugi. W tym okresie Poradnia Spo\u0142eczno-Wychowawcza realizowa\u0142a dwa kierunki dzia\u0142ania profilaktyk\u0119 i ratownictwo. W ramach profilaktyki przeprowadzano wyk\u0142ady, prelekcje, pogadanki dla rodzic\u00f3w i nauczycieli. W ramach ratownictwa natomiast prowadzono badania psychologiczne i pedagogiczne w celu ustalenia przyczyn trudno\u015bci w nauce i niedostosowania spo\u0142ecznego oraz wywiady \u015brodowiskowe; ustalano te\u017c we wsp\u00f3\u0142pracy z nauczycielami i rodzicami metody post\u0119powania z dzieckiem. W rok po otwarciu Poradni poszerzono zakres obowi\u0105zk\u00f3w plac\u00f3wki, przygotowuj\u0105c otwarcie \u015bwietlicy terapeutycznej i ogniska przedszkolnego.<\/p>\n<p>Wraz z up\u0142ywem czasu systematycznie zwi\u0119ksza\u0142a si\u0119 ilo\u015b\u0107 realizowanych przez Poradni\u0119 zada\u0144; wzrasta\u0142a te\u017c liczba korzystaj\u0105cych z jej us\u0142ug klient\u00f3w.<br \/>\nKolejnym poszerzeniem oferty Poradni by\u0142o powo\u0142anie 1 marca 1964 r. O\u015brodka Selekcyjnego, kt\u00f3rego zadaniem by\u0142o znajdowanie dla dzieci upo\u015bledzonych umys\u0142owo odpowiednich form kszta\u0142cenia. Pierwszy zesp\u00f3\u0142 dzieci obj\u0119to nauczaniem specjalnym przy Szkole Podstawowej nr 3 w \u015arodzie Wlkp. w roku szkolnym 1964\/1965. 1 grudnia 1966 r. Poradni\u0119 Spo\u0142eczno &#8211; Wychowawcz\u0105 przemianowano na Poradni\u0119 Wychowawczo &#8211; Zawodow\u0105. Wraz ze zmian\u0105 nazwy nast\u0105pi\u0142o zwi\u0119kszenie obowi\u0105zk\u00f3w plac\u00f3wki w zakresie poradnictwa zawodowego i wychowawczego.<br \/>\nZ pocz\u0105tkiem roku szkolnego 1968\/1969, przy wsp\u00f3\u0142pracy z rodzicami i nauczycielami, utworzono tzw. klas\u0119 wst\u0119pn\u0105, maj\u0105ce przygotowywa\u0107 dzieci do podj\u0119cia nauki w klasie pierwszej. Tak wi\u0119c znana dzi\u015b wszystkim zer\u00f3wka nie istnieje od zawsze, po raz pierwszy w naszym mie\u015bcie uczyli si\u0119 w niej i bawili dzisiejsi 43-latkowie.<br \/>\nPoradnia posiada\u0142a te\u017c dwie filie. Pierwsza z nich zosta\u0142a zorganizowana 1 maja 1969 r.w Kostrzynie, druga za\u015b powsta\u0142a 7 lat p\u00f3\u017aniej w Krzykosach.<br \/>\nW roku szkolnym 1976\/1977 w Poradni zorganizowano Wielopoziomowy Oddzia\u0142 Szko\u0142y \u017bycia dla dzieci upo\u015bledzonych umys\u0142owo w stopniu umiarkowanym i znacznym.<br \/>\nW dziewi\u0119cioosobowej grupie funkcjonowa\u0142y dwa poziomy nauczania. Po 3 latach oddzia\u0142 ten przej\u0119\u0142a Szko\u0142a Podstawowa nr 3. Prze\u0142om lat 70-tych i 80-tych to czas poszerzenia oferty szkoleniowej Poradni. W tym okresie prowadzone by\u0142y szkolenia dla nauczycieli reedukator\u00f3w. Systematycznie wprowadzano do pracy nowe metody m.in. Metod\u0119 Bon Depart. Bardzo aktywn\u0105 dzia\u0142alno\u015b\u0107 rozpocz\u0119\u0142y te\u017c wtedy zespo\u0142y logopedyczne.<\/p>\n<p>W 1993 r. Poradnie Wychowawczo &#8211; Zawodowe przemianowano na Poradnie Psychologiczno &#8211; Pedagogiczne. Zmiana nazwy poci\u0105gn\u0119\u0142a za sob\u0105 poszerzenie oferty plac\u00f3wki w zakresie poradnictwa i terapii zar\u00f3wno psychologicznej, jak i pedagogicznej oraz logopedycznej. Autorskim pomys\u0142em pracownik\u00f3w Poradni by\u0142o wprowadzenie zapis\u00f3w do klasy pierwszej z rocznym wyprzedzeniem, w celu ukierunkowania pracy rodzic\u00f3w i nauczycieli z dzie\u0107mi sze\u015bcioletnimi tak, aby zapewni\u0107 im jak najlepszy start w momencie podj\u0119cia nauki. Realizacji tego celu s\u0142u\u017cy\u0142y r\u00f3wnie\u017c prowadzone na terenie Poradni od lat 90-tych grupy dla dzieci 5 i 6 letnich, stymuluj\u0105ce ich rozw\u00f3j poznawczy oraz spo\u0142eczno emocjonalny. Zaj\u0119ciami stymuluj\u0105cymi rozw\u00f3j obejmowano te\u017c dzieci z upo\u015bledzeniem umys\u0142owym. W ofercie skierowanej do m\u0142odzie\u017cy znalaz\u0142y si\u0119 propozycje grup spotkaniowych w Poradni oraz zaj\u0119cia warsztatowe prowadzone na terenie szk\u00f3\u0142 (m.in. zaj\u0119cia zawodoznawcze, profilaktyczne, dotycz\u0105ce asertywno\u015bci, komunikacji interpersonalnej, anoreksji i bulimii itd.). Oddzieln\u0105 ofert\u0119 pomocy kierowano do nauczycieli. Poza indywidualnymi konsultacjami oraz spotkaniami w ramach Rad Pedagogicznych prowadzono te\u017c zaj\u0119cia szkoleniowe i wspieraj\u0105ce, dotycz\u0105ce m.in. logopedii, reedukacji, dysleksji, trudno\u015bci wychowawczych itp. Z ciekawszych, cz\u0119sto nowatorskich inicjatyw Poradni na szczeg\u00f3lne podkre\u015blenie zas\u0142uguj\u0105: utworzenie funkcjonuj\u0105cego od wielu lat, interdyscyplinarnego zespo\u0142u skupiaj\u0105cego pracownik\u00f3w poradni, pedagog\u00f3w szkolnych, przedstawicieli O\u015brodka Pomocy Spo\u0142ecznej, Powiatowego Centrum Pomocy Rodzinie, Policji oraz kurator\u00f3w s\u0105dowych, przesiewowe badania s\u0142uchu przeprowadzone na grupie ponad 300 dzieci w wieku szkolnym, coroczne uczestnictwo w akcji Polskiego Zwi\u0105zku Logopedycznego Dzie\u0144 Otwartych Diagnoz Logopedycznych, prowadzenie w latach 2000-2004 Punktu Konsultacyjnego w Kl\u0119ce, powstanie, na terenie przedszkoli, Klubu Dobrego Rodzica, prowadzenie bada\u0144 przy pomocy Skali Ryzyka Dysleksji i obj\u0119cie pomoc\u0105 dzieci z grupy ryzyka, grupa terapeutyczna dla dzieci z upo\u015bledzeniem umys\u0142owym w stopniu umiarkowanym i znacznym.<\/p>\n<p>Przez ca\u0142y czas swej dzia\u0142alno\u015bci Poradnia trzykrotnie zmienia\u0142a siedzib\u0119 (czasem wpadaj\u0105c z deszczu pod rynn\u0119). Nasi klienci mogli korzysta\u0107 z pomocy kolejno przy ulicy 20 Pa\u017adziernika nr 68 (s\u0142ynny baraczek przy rondzie), Szkolnej nr 2 (dop\u00f3ki nie przegrali\u015bmy walki o dach z go\u0142\u0119biami) i Harcerskiej nr 16 (o\u015bwiata nie mia\u0142a szans przy zasobach finansowych KRUSu). Aktualnie zapraszamy wszystkich na ulic\u0119 \u017bwirki i Wigury nr 3, \u017cywi\u0105c nadziej\u0119, \u017ce nasze warunki lokalowe b\u0119d\u0105 ulega\u0142y sta\u0142ej poprawie.<br \/>\nCho\u0107 Poradnia przez d\u0142ugi czas nie mia\u0142a szcz\u0119\u015bcia do lokali, cho\u0107 cz\u0119sto zmienia\u0142a si\u0119 zatrudniona w niej kadra, to z pewno\u015bci mia\u0142a zawsze szcz\u0119\u015bcie do os\u00f3b ni\u0105 kieruj\u0105cych. Przez 20 lat szefowa\u0142a jej pani Maria Piotrowska. Przez kolejne 24 lata Poradni\u0105 kierowa\u0142a pani Halina Bajsarowicz psycholog. Jej staraniom zawdzi\u0119czamy mi\u0119dzy innymi to, i\u017c Poradnia dysponuje dzi\u015b estetycznymi, funkcjonalnymi pomieszczeniami. Wiele os\u00f3b pami\u0119ta J\u0105 jako doskona\u0142ego, kompetentnego fachowca oraz jako pe\u0142n\u0105 \u017cyczliwo\u015bci osob\u0119, potrafi\u0105c\u0105 stworzy\u0107 wspania\u0142\u0105 atmosfer\u0119 zar\u00f3wno dla klient\u00f3w, jak i pracownik\u00f3w. W latach 2004 &#8211; 2005, a wi\u0119c bardzo trudnym czasie wielu powa\u017cnych przemian w o\u015bwiacie, rz\u0105dy w Poradni sprawowa\u0142a pani Beata Wi\u015bniewska. To Jej zas\u0142ug\u0105 jest dostosowanie funkcjonowania Poradni do nowych wymaga\u0144 w zreformowanym systemie o\u015bwiatowym. Od 01.09.2005 r. dyrektorem Poradni jest pani Alina Matuszak.<\/p>\n","protected":false},"excerpt":{"rendered":"<p>HISTORIA Poradnia Psychologiczno-Pedagogiczna w \u015arodzie Wlkp. jest jedn\u0105 z najd\u0142u\u017cej funkcjonuj\u0105cych poradni w Wielkopolsce. Sw\u0105 dzia\u0142alno\u015b\u0107 rozpocz\u0119\u0142a 45 lat temu tj. 2 listopada 1960 r.,&hellip; <a class=\"continue\" href=\"https:\/\/pppsroda.pl\/index.php\/historia\/\">Continue Reading<span> Historia<\/span><\/a><\/p>\n","protected":false},"author":1,"featured_media":0,"parent":0,"menu_order":0,"comment_status":"closed","ping_status":"closed","template":"","meta":{"footnotes":""},"class_list":["post-76","page","type-page","status-publish","hentry"],"_links":{"self":[{"href":"https:\/\/pppsroda.pl\/index.php\/wp-json\/wp\/v2\/pages\/76","targetHints":{"allow":["GET"]}}],"collection":[{"href":"https:\/\/pppsroda.pl\/index.php\/wp-json\/wp\/v2\/pages"}],"about":[{"href":"https:\/\/pppsroda.pl\/index.php\/wp-json\/wp\/v2\/types\/page"}],"author":[{"embeddable":true,"href":"https:\/\/pppsroda.pl\/index.php\/wp-json\/wp\/v2\/users\/1"}],"replies":[{"embeddable":true,"href":"https:\/\/pppsroda.pl\/index.php\/wp-json\/wp\/v2\/comments?post=76"}],"version-history":[{"count":2,"href":"https:\/\/pppsroda.pl\/index.php\/wp-json\/wp\/v2\/pages\/76\/revisions"}],"predecessor-version":[{"id":78,"href":"https:\/\/pppsroda.pl\/index.php\/wp-json\/wp\/v2\/pages\/76\/revisions\/78"}],"wp:attachment":[{"href":"https:\/\/pppsroda.pl\/index.php\/wp-json\/wp\/v2\/media?parent=76"}],"curies":[{"name":"wp","href":"https:\/\/api.w.org\/{rel}","templated":true}]}}