{"id":24,"date":"2022-05-11T12:12:58","date_gmt":"2022-05-11T12:12:58","guid":{"rendered":"https:\/\/pppsroda.pl\/?page_id=24"},"modified":"2022-05-11T18:26:48","modified_gmt":"2022-05-11T18:26:48","slug":"rodo","status":"publish","type":"page","link":"https:\/\/pppsroda.pl\/index.php\/rodo\/","title":{"rendered":"RODO"},"content":{"rendered":"<h3>INFORMACJA O PRZETWARZANIU DANYCH OSOBOWYCH<\/h3>\n<p>Ze wzgl\u0119du na wej\u015bcie w \u017cycie w dniu 25 maja 2018 roku Rozporz\u0105dzenia Parlamentu Europejskiego i Rady (UE) 2016\/679 z dnia 27 kwietnia 2016 r. w sprawie ochrony os\u00f3b fizycznych w zwi\u0105zku z przetwarzaniem danych osobowych i w sprawie swobodnego przep\u0142ywu takich danych oraz uchylenia dyrektywy 95\/46\/WE (okre\u015blane jako \u201eRODO\u201d) informujemy, o nast\u0119puj\u0105cych zasadach, na jakich przetwarzamy dane:<\/p>\n<p>Zgodnie z art. 13 ust. 1 i ust. 2 RODO informuj\u0119, i\u017c:<\/p>\n<p>1) Administratorem Pani\/Pana danych osobowych jest Poradnia Psychologiczno Pedagogiczna w \u015arodzie Wielkopolskiej z siedzib\u0105 (adres), tel.: 48 607 575 196. e-mail:sekretariat@pppsroda.pl.<\/p>\n<p>2) Wyznaczono Inspektora Ochrony Danych w PP-P, kt\u00f3r\u0105 jest sp\u00f3\u0142ka Le\u015bny &amp; Wsp\u00f3lnicy Sp. z o. o., w kt\u00f3rej jako osob\u0119 kontaktow\u0105 wyznaczono Pani\u0105\/Pana \u2026\u2026\u2026\u2026\u2026\u2026\u2026\u2026\u2026\u2026.., z Inspektorem mo\u017cna si\u0119 skontaktowa\u0107 e-mail: iod@lesny.com.pl<\/p>\n<p>3) Pani\/Pana dane b\u0119d\u0105, zgodnie z rozporz\u0105dzeniem Parlamentu Europejskiego i Rady UE 2016\/679 z dnia 27 kwietnia 2016 r. w sprawie ochrony os\u00f3b fizycznych w zwi\u0105zku z przetwarzaniem danych osobowych i w sprawie swobodnego przep\u0142ywu takich danych oraz uchylenia dyrektywy 95\/46\/WE (og\u00f3lne rozporz\u0105dzenie o ochronie danych) przetwarzane w celu wype\u0142nienia obowi\u0105zk\u00f3w wynikaj\u0105cych z przepis\u00f3w prawa, realizacji umowy, b\u0105d\u017a udzielonej zgody.<\/p>\n<p>4) W zwi\u0105zku z przetwarzaniem danych w celu wype\u0142niania obowi\u0105zk\u00f3w wynikaj\u0105cych z przepis\u00f3w prawa odbiorcami Pani\/Pana danych osobowych mog\u0105 by\u0107:<br \/>\na) organy w\u0142adzy publicznej oraz podmioty wykonuj\u0105ce zadania publiczne lub dzia\u0142aj\u0105ce na zlecenie organ\u00f3w w\u0142adzy publicznej, w zakresie i w celach, kt\u00f3re wynikaj\u0105 z przepis\u00f3w powszechnie obowi\u0105zuj\u0105cego prawa,<br \/>\nb) inne podmioty, kt\u00f3re na podstawie stosownych um\u00f3w podpisanych z [nazwa podmiotu]\u2026\u2026\u2026\u2026\u2026\u2026\u2026\u2026\u2026\u2026\u2026\u2026\u2026\u2026\u2026\u2026\u2026\u2026. przetwarzaj\u0105 dane osobowe, dla kt\u00f3rych Administratorem jest \u2026\u2026\u2026\u2026\u2026\u2026\u2026\u2026\u2026\u2026\u2026\u2026\u2026\u2026\u2026..<\/p>\n<p>5) Dane po zrealizowaniu celu, dla kt\u00f3rego zosta\u0142y zebrane, b\u0119d\u0105 przetwarzane do cel\u00f3w archiwalnych i przechowywane przez okres niezb\u0119dny do zrealizowania przepis\u00f3w dotycz\u0105cych archiwizowania danych przez Administratora.<\/p>\n<p>6) W zwi\u0105zku z przetwarzaniem Pani\/Pana danych osobowych przys\u0142uguj\u0105 Pani\/Panu nast\u0119puj\u0105ce uprawnienia:<br \/>\na) prawo dost\u0119pu do danych osobowych, w tym prawo do uzyskania kopii tych danych,<br \/>\nb) prawo do \u017c\u0105dania sprostowania (poprawiania) danych osobowych \u2013 w przypadku gdy dane s\u0105 nieprawid\u0142owe lub niekompletne,<br \/>\nc) prawo do \u017c\u0105dania usuni\u0119cia danych osobowych (tzw. prawo do bycia zapomnianym), w przypadku gdy:<br \/>\n&#8211; dane nie s\u0105 ju\u017c niezb\u0119dne do cel\u00f3w, dla kt\u00f3rych by\u0142y zebrane lub w inny spos\u00f3b przetwarzane,<br \/>\n&#8211; osoba, kt\u00f3rej dane dotycz\u0105, wnios\u0142a sprzeciw wobec przetwarzania danych osobowych,<br \/>\n&#8211; osoba, kt\u00f3rej dane dotycz\u0105 wycofa\u0142a zgod\u0119 na przetwarzanie danych osobowych, kt\u00f3ra jest podstaw\u0105 przetwarzania danych i nie ma innej podstawy prawnej przetwarzania danych,<br \/>\n&#8211; dane osobowe przetwarzane s\u0105 niezgodnie z prawem,<br \/>\n&#8211; dane osobowe musz\u0105 by\u0107 usuni\u0119te w celu wywi\u0105zania si\u0119 z obowi\u0105zku wynikaj\u0105cego z przepis\u00f3w prawa,<br \/>\nd) prawo do \u017c\u0105dania ograniczenia przetwarzania danych osobowych \u2013 w przypadku, gdy:<br \/>\n&#8211; osoba, kt\u00f3rej dane dotycz\u0105 kwestionuje prawid\u0142owo\u015b\u0107 danych osobowych,<br \/>\n&#8211; przetwarzanie danych jest niezgodne z prawem, a osoba, kt\u00f3rej dane dotycz\u0105, sprzeciwia si\u0119 usuni\u0119ciu danych, \u017c\u0105daj\u0105c w zamian ich ograniczenia,<br \/>\n&#8211; Administrator nie potrzebuje ju\u017c danych dla swoich cel\u00f3w, ale osoba, kt\u00f3rej dane dotycz\u0105, potrzebuje ich do ustalenia, obrony lub dochodzenia roszcze\u0144,<br \/>\n&#8211; osoba, kt\u00f3rej dane dotycz\u0105, wnios\u0142a sprzeciw wobec przetwarzania danych, do czasu ustalenia czy prawnie uzasadnione podstawy po stronie administratora s\u0105 nadrz\u0119dne wobec podstawy sprzeciwu;<br \/>\ne) prawo do przenoszenia danych \u2013 w przypadku gdy \u0142\u0105cznie spe\u0142nione s\u0105 nast\u0119puj\u0105ce przes\u0142anki:<br \/>\n&#8211; przetwarzanie danych odbywa si\u0119 na podstawie umowy zawartej z osob\u0105, kt\u00f3rej dane dotycz\u0105 lub na podstawie zgody wyra\u017conej przez t\u0105 osob\u0119 &#8211; przetwarzanie odbywa si\u0119 w spos\u00f3b zautomatyzowany,<br \/>\nf) prawo sprzeciwu wobec przetwarzania danych \u2013 w przypadku, gdy \u0142\u0105cznie spe\u0142nione s\u0105 nast\u0119puj\u0105ce przes\u0142anki:<br \/>\n&#8211; zaistniej\u0105 przyczyny zwi\u0105zane z Pani\/Pana szczeg\u00f3ln\u0105 sytuacj\u0105, w przypadku przetwarzania danych na podstawie zadania realizowanego w interesie publicznym lub w ramach sprawowania w\u0142adzy publicznej przez Administratora,<br \/>\n&#8211; przetwarzanie jest niezb\u0119dne do cel\u00f3w wynikaj\u0105cych z prawnie uzasadnionych interes\u00f3w realizowanych przez Administratora lub przez stron\u0119 trzeci\u0105, z wyj\u0105tkiem sytuacji, w kt\u00f3rych nadrz\u0119dny charakter wobec tych interes\u00f3w maj\u0105 interesy lub podstawowe prawa i wolno\u015bci osoby, kt\u00f3rej dane dotycz\u0105, wymagaj\u0105ce ochrony danych osobowych, w szczeg\u00f3lno\u015bci gdy osoba, kt\u00f3rej dane dotycz\u0105 jest dzieckiem.<\/p>\n<p>7) W przypadku gdy przetwarzanie danych osobowych odbywa si\u0119 na podstawie zgody osoby na przetwarzanie danych osobowych (art. 6 ust. 1 lit a RODO), przys\u0142uguje Pani\/Panu prawo do cofni\u0119cia tej zgody w dowolnym momencie. Cofni\u0119cie to nie ma wp\u0142ywu na zgodno\u015b\u0107 przetwarzania, kt\u00f3rego dokonano na podstawie zgody przed jej cofni\u0119ciem, z obowi\u0105zuj\u0105cym prawem.<\/p>\n<p>8) Przys\u0142uguje Pani\/Panu r\u00f3wnie\u017c prawo wniesienia skargi do organu nadzorczego zajmuj\u0105cego si\u0119 ochron\u0105 danych osobowych w pa\u0144stwie cz\u0142onkowskim Pani\/Pana zwyk\u0142ego pobytu, miejsca pracy lub miejsca pope\u0142nienia domniemanego naruszenia.<\/p>\n<p>Biuro Prezesa Urz\u0119du Ochrony Danych Osobowych (PUODO)<br \/>\nUl. Stawki 2, 00-193 Warszawa<br \/>\nTelefon: 22 860 70 86<\/p>\n<p>9) Pani\/Pana dane mog\u0105 by\u0107 przetwarzane w spos\u00f3b zautomatyzowany i nie b\u0119d\u0105 profilowane.<\/p>\n","protected":false},"excerpt":{"rendered":"<p>INFORMACJA O PRZETWARZANIU DANYCH OSOBOWYCH Ze wzgl\u0119du na wej\u015bcie w \u017cycie w dniu 25 maja 2018 roku Rozporz\u0105dzenia Parlamentu Europejskiego i Rady (UE) 2016\/679 z&hellip; <a class=\"continue\" href=\"https:\/\/pppsroda.pl\/index.php\/rodo\/\">Continue Reading<span> RODO<\/span><\/a><\/p>\n","protected":false},"author":1,"featured_media":0,"parent":0,"menu_order":0,"comment_status":"closed","ping_status":"closed","template":"","meta":{"footnotes":""},"class_list":["post-24","page","type-page","status-publish","hentry"],"_links":{"self":[{"href":"https:\/\/pppsroda.pl\/index.php\/wp-json\/wp\/v2\/pages\/24","targetHints":{"allow":["GET"]}}],"collection":[{"href":"https:\/\/pppsroda.pl\/index.php\/wp-json\/wp\/v2\/pages"}],"about":[{"href":"https:\/\/pppsroda.pl\/index.php\/wp-json\/wp\/v2\/types\/page"}],"author":[{"embeddable":true,"href":"https:\/\/pppsroda.pl\/index.php\/wp-json\/wp\/v2\/users\/1"}],"replies":[{"embeddable":true,"href":"https:\/\/pppsroda.pl\/index.php\/wp-json\/wp\/v2\/comments?post=24"}],"version-history":[{"count":4,"href":"https:\/\/pppsroda.pl\/index.php\/wp-json\/wp\/v2\/pages\/24\/revisions"}],"predecessor-version":[{"id":67,"href":"https:\/\/pppsroda.pl\/index.php\/wp-json\/wp\/v2\/pages\/24\/revisions\/67"}],"wp:attachment":[{"href":"https:\/\/pppsroda.pl\/index.php\/wp-json\/wp\/v2\/media?parent=24"}],"curies":[{"name":"wp","href":"https:\/\/api.w.org\/{rel}","templated":true}]}}