{"id":197,"date":"2023-01-13T06:19:10","date_gmt":"2023-01-13T06:19:10","guid":{"rendered":"https:\/\/pppsroda.pl\/?page_id=197"},"modified":"2023-10-16T15:57:17","modified_gmt":"2023-10-16T15:57:17","slug":"godziny-dostepnosci","status":"publish","type":"page","link":"https:\/\/pppsroda.pl\/index.php\/godziny-dostepnosci\/","title":{"rendered":"Godziny dost\u0119pno\u015bci"},"content":{"rendered":"<h3 style=\"text-align: center;\">GODZINY DOST\u0118PNO\u015aCI<\/h3>\n<h5>Osoby zainteresowane b\u0119d\u0105 przyjmowane na konsultacje w ramach godzin dost\u0119pno\u015bci po<br \/>\nuprzednim telefonicznym lub osobistym zg\u0142oszeniu w sekretariacie Poradni. Tel. 61 677 08 80, 607\u00a0575 196<\/h5>\n<p style=\"text-align: center;\"><strong>GODZINY DOST\u0118PNO\u015aCI \u2013 ROK SZKOLNY 2023\/2024<\/strong><\/p>\n<table>\n<tbody>\n<tr>\n<td width=\"189\"><strong>IMI\u0118 I NAZWISKO<\/strong><\/td>\n<td width=\"142\"><strong>STANOWISKO<\/strong><\/td>\n<td width=\"123\"><strong>DZIE\u0143 TYGODNIA<\/strong><\/td>\n<td width=\"151\"><strong>GODZINY<\/strong><\/td>\n<\/tr>\n<tr>\n<td width=\"189\"><strong>Danuta Hulewicz<\/strong><\/td>\n<td width=\"142\"><strong>dyrektor, pedagog<\/strong><\/td>\n<td width=\"123\"><strong>wtorek<\/strong><\/td>\n<td width=\"151\"><strong>14.30 \u2013 15.30<\/strong><\/td>\n<\/tr>\n<tr>\n<td width=\"189\"><strong>Klaudia Bystrzak<\/strong><\/td>\n<td width=\"142\"><strong>psycholog<\/strong><\/td>\n<td width=\"123\"><strong>poniedzia\u0142ek<\/strong><\/p>\n<p><strong>pi\u0105tek<\/strong><\/td>\n<td width=\"151\"><strong>11.00 \u2013 11.30<\/strong><\/p>\n<p><strong>16.00 \u2013 16.30<\/strong><\/td>\n<\/tr>\n<tr>\n<td width=\"189\"><strong>Anita Cugier-Bartkowiak<\/strong><\/td>\n<td width=\"142\"><strong>psycholog<\/strong><\/td>\n<td width=\"123\"><strong>czwartek<\/strong><\/td>\n<td width=\"151\"><strong>14.00 \u2013 15.00<\/strong><\/td>\n<\/tr>\n<tr>\n<td width=\"189\"><strong>Daria Grzesiek <\/strong><\/td>\n<td width=\"142\"><strong>logopeda<\/strong><\/td>\n<td width=\"123\"><strong>poniedzia\u0142ek<\/strong><\/p>\n<p><strong>\u015broda<\/strong><\/td>\n<td width=\"151\"><strong>14.00 \u2013 14.30<\/strong><\/p>\n<p><strong>17.00 \u2013 17.30<\/strong><\/td>\n<\/tr>\n<tr>\n<td width=\"189\"><strong>Agnieszka Grze\u015bkowiak<\/strong><\/td>\n<td width=\"142\"><strong>psycholog<\/strong><\/td>\n<td width=\"123\"><strong>wtorek<\/strong><\/p>\n<p><strong>czwartek<\/strong><\/td>\n<td width=\"151\"><strong>13.45 \u2013 14.15<\/strong><\/p>\n<p><strong>13.45 \u2013 14.15<\/strong><\/td>\n<\/tr>\n<tr>\n<td width=\"189\"><strong>Alicja Jankowiak<\/strong><\/td>\n<td width=\"142\"><strong>pedagog, doradca zawodowy<\/strong><\/td>\n<td width=\"123\"><strong>czwartek<\/strong><\/td>\n<td width=\"151\"><strong>11.00 \u2013 12.00<\/strong><\/td>\n<\/tr>\n<tr>\n<td width=\"189\"><strong>Adriana Jankowska-Semik<\/strong><\/td>\n<td width=\"142\"><strong>pedagog<\/strong><\/td>\n<td width=\"123\"><strong>\u015broda<\/strong><\/td>\n<td width=\"151\"><strong>11.00 &#8211; 12.00<\/strong><\/td>\n<\/tr>\n<tr>\n<td width=\"189\"><strong>Katarzyna Kozber-Ka\u017amierczak<\/strong><\/td>\n<td width=\"142\"><strong>logopeda<\/strong><\/td>\n<td width=\"123\"><strong>\u015broda<\/strong><\/td>\n<td width=\"151\"><strong>12.45 \u2013 13.45<\/strong><\/td>\n<\/tr>\n<tr>\n<td width=\"189\"><strong>Agnieszka Najewska-Nowak<\/strong><\/td>\n<td width=\"142\"><strong>pedagog<\/strong><\/td>\n<td width=\"123\"><strong>wtorek<\/strong><\/p>\n<p><strong>\u015broda<\/strong><\/td>\n<td width=\"151\"><strong>7.30 \u2013 8.00<\/strong><\/p>\n<p><strong>7.30 \u2013 8.00<\/strong><\/td>\n<\/tr>\n<tr>\n<td width=\"189\"><strong>Hanna Nowosielska-Wojciechowska<\/strong><\/td>\n<td width=\"142\"><strong>psycholog<\/strong><\/td>\n<td width=\"123\"><strong>wtorek<\/strong><\/p>\n<p><strong>czwartek<\/strong><\/td>\n<td width=\"151\"><strong>11.00 \u2013 11.30<\/strong><\/p>\n<p><strong>13.30 \u2013 14.00<\/strong><\/td>\n<\/tr>\n<tr>\n<td width=\"189\"><strong>Aleksandra Ruducha<\/strong><\/td>\n<td width=\"142\"><strong>pedagog<\/strong><\/td>\n<td width=\"123\"><strong>poniedzia\u0142ek<\/strong><\/td>\n<td width=\"151\"><strong>14.15 \u2013 15.15<\/strong><\/td>\n<\/tr>\n<tr>\n<td width=\"189\"><strong>Ewa Tryjanowska<\/strong><\/td>\n<td width=\"142\"><strong>pedagog<\/strong><\/td>\n<td width=\"123\"><strong>\u015broda<\/strong><\/td>\n<td width=\"151\"><strong>10.00 \u2013 11.00<\/strong><\/td>\n<\/tr>\n<tr>\n<td width=\"189\"><strong>Hanna Wawrzyniak<\/strong><\/td>\n<td width=\"142\"><strong>logopeda<\/strong><\/td>\n<td width=\"123\"><strong>\u015broda<\/strong><\/td>\n<td width=\"151\"><strong>14.00 \u2013 15.00<\/strong><\/td>\n<\/tr>\n<tr>\n<td width=\"189\"><strong>Paulina Wieczerzak<\/strong><\/td>\n<td width=\"142\"><strong>psycholog<\/strong><\/td>\n<td width=\"123\"><strong>poniedzia\u0142ek<\/strong><\/p>\n<p><strong>wtorek<\/strong><\/td>\n<td width=\"151\"><strong>8.00 \u2013 8.30<\/strong><\/p>\n<p><strong>8.00 \u2013 8.30<\/strong><\/td>\n<\/tr>\n<tr>\n<td width=\"189\"><strong>Anna Z\u0142otkowska-Siwek<\/strong><\/td>\n<td width=\"142\"><strong>psycholog<\/strong><\/td>\n<td width=\"123\"><strong>\u015broda<\/strong><\/td>\n<td width=\"151\"><strong>12.00 \u2013 13.00<\/strong><\/td>\n<\/tr>\n<\/tbody>\n<\/table>\n<p><strong>\u00a0<\/strong><\/p>\n<p style=\"text-align: center;\"><strong>MARZEC 2023 <\/strong><\/p>\n<table>\n<tbody>\n<tr>\n<td width=\"168\"><strong>IMI\u0118 I NAZWISKO<\/strong><\/td>\n<td width=\"129\"><strong>STANOWISKO<\/strong><\/td>\n<td width=\"157\"><strong>DZIE\u0143 TYGODNIA\/DATA<\/strong><\/td>\n<td width=\"151\"><strong>GODZINY<\/strong><\/td>\n<\/tr>\n<tr>\n<td width=\"168\"><strong>Danuta Hulewicz<\/strong><\/td>\n<td width=\"129\">dyrektor, pedagog<\/td>\n<td width=\"157\">czwartek<\/td>\n<td width=\"151\"><strong>15.00 \u2013 16.00<\/strong><\/td>\n<\/tr>\n<tr>\n<td width=\"168\"><strong>Klaudia Bystrzak<\/strong><\/td>\n<td width=\"129\">psycholog<\/td>\n<td width=\"157\">poniedzia\u0142ek<\/td>\n<td width=\"151\"><strong>14.00 \u2013 15.00<\/strong><\/td>\n<\/tr>\n<tr>\n<td width=\"168\"><strong>Anita Cugier-Bartkowiak<\/strong><\/td>\n<td width=\"129\">psycholog<\/td>\n<td width=\"157\">\u015broda<\/td>\n<td width=\"151\"><strong>16.00 \u2013 17.00<\/strong><\/td>\n<\/tr>\n<tr>\n<td rowspan=\"2\" width=\"168\"><strong>Agnieszka Grze\u015bkowiak<\/strong><\/td>\n<td rowspan=\"2\" width=\"129\">psycholog<\/td>\n<td width=\"157\">\u015broda<\/td>\n<td width=\"151\"><strong>10.45 \u2013 11.15<\/strong><\/td>\n<\/tr>\n<tr>\n<td width=\"157\">czwartek<\/td>\n<td width=\"151\"><strong>13.45 \u2013 14.15<\/strong><\/td>\n<\/tr>\n<tr>\n<td rowspan=\"2\" width=\"168\"><strong>Alicja Jankowiak<\/strong><\/td>\n<td rowspan=\"2\" width=\"129\">pedagog, doradca zawodowy<\/td>\n<td width=\"157\">czwartek 9.03.2023<\/td>\n<td width=\"151\"><strong>11.00 \u2013 12.00<\/strong><\/td>\n<\/tr>\n<tr>\n<td width=\"157\">wtorki od 14.03.2023<\/td>\n<td width=\"151\"><strong>12.00 \u2013 13.00<\/strong><\/td>\n<\/tr>\n<tr>\n<td width=\"168\"><strong>Adriana Jankowska-Semik<\/strong><\/td>\n<td width=\"129\">pedagog<\/td>\n<td width=\"157\">poniedzia\u0142ek<\/td>\n<td width=\"151\"><strong>12.00- 13.00<\/strong><\/td>\n<\/tr>\n<tr>\n<td rowspan=\"3\" width=\"168\"><strong>Agnieszka Najewska-Nowak<\/strong><\/td>\n<td rowspan=\"3\" width=\"129\">pedagog<\/td>\n<td width=\"157\">poniedzia\u0142ek<\/td>\n<td width=\"151\"><strong>12.45 \u2013 13.00<\/strong><\/td>\n<\/tr>\n<tr>\n<td width=\"157\">wtorek<\/td>\n<td width=\"151\"><strong>7.30 \u2013 8.00<\/strong><\/td>\n<\/tr>\n<tr>\n<td width=\"157\">\u015broda<\/td>\n<td width=\"151\"><strong>12.45 \u2013 13.00<\/strong><\/td>\n<\/tr>\n<tr>\n<td width=\"168\"><strong>Hanna Nowosielska-Wojciechowska<\/strong><\/td>\n<td width=\"129\">psycholog<\/td>\n<td width=\"157\">czwartek<\/td>\n<td width=\"151\"><strong>12.00 \u2013 13.00<\/strong><\/td>\n<\/tr>\n<tr>\n<td width=\"168\"><strong>Aleksandra Ruducha<\/strong><\/td>\n<td width=\"129\">pedagog<\/td>\n<td width=\"157\">\u015broda<\/td>\n<td width=\"151\"><strong>12.00 \u2013 13.00<\/strong><\/td>\n<\/tr>\n<tr>\n<td width=\"168\"><strong>Ma\u0142gorzata Stypczy\u0144ska<\/strong><\/td>\n<td width=\"129\">logopeda<\/td>\n<td width=\"157\">poniedzia\u0142ek<\/td>\n<td width=\"151\"><strong>13.00 \u2013 14.00<\/strong><\/td>\n<\/tr>\n<tr>\n<td width=\"168\"><strong>Ewa Tryjanowska<\/strong><\/td>\n<td width=\"129\">pedagog<\/td>\n<td width=\"157\">\u015broda<\/td>\n<td width=\"151\"><strong>14.00 \u2013 15.00<\/strong><\/td>\n<\/tr>\n<tr>\n<td width=\"168\"><strong>Hanna Wawrzyniak<\/strong><\/td>\n<td width=\"129\">logopeda<\/td>\n<td width=\"157\">\u015broda<\/td>\n<td width=\"151\"><strong>14.00 \u2013 15.00<\/strong><\/td>\n<\/tr>\n<tr>\n<td rowspan=\"2\" width=\"168\"><strong>Paulina Wieczerzak<\/strong><\/td>\n<td rowspan=\"2\" width=\"129\">psycholog<\/td>\n<td width=\"157\">wtorek<\/td>\n<td width=\"151\"><strong>8.00 \u2013 8.30<\/strong><\/td>\n<\/tr>\n<tr>\n<td width=\"157\">\u015broda<\/td>\n<td width=\"151\"><strong>8.00 \u2013 8.30<\/strong><\/td>\n<\/tr>\n<tr>\n<td width=\"168\"><strong>Anna Z\u0142otkowska-Siwek<\/strong><\/td>\n<td width=\"129\">psycholog<\/td>\n<td width=\"157\">\u015broda<\/td>\n<td width=\"151\"><strong>12.00 \u2013 13.00<\/strong><\/td>\n<\/tr>\n<tr>\n<td width=\"168\"><strong>Monika Zielinska<\/strong><\/td>\n<td width=\"129\">pedagog<\/td>\n<td width=\"157\">pi\u0105tek<\/td>\n<td width=\"151\"><strong>16.10 \u2013 17.10<\/strong><\/td>\n<\/tr>\n<\/tbody>\n<\/table>\n<h4 style=\"text-align: center;\">Luty 2023<\/h4>\n<table>\n<tbody>\n<tr>\n<td width=\"168\"><strong>IMI\u0118 I NAZWISKO<\/strong><\/td>\n<td width=\"129\"><strong>STANOWISKO<\/strong><\/td>\n<td width=\"157\"><strong>DZIE\u0143 TYGODNIA\/DATA<\/strong><\/td>\n<td width=\"113\"><strong>GODZINY<\/strong><\/td>\n<\/tr>\n<tr>\n<td width=\"168\"><strong>Danuta Hulewicz<\/strong><\/td>\n<td width=\"129\">dyrektor, pedagog<\/td>\n<td width=\"157\">czwartek<\/td>\n<td width=\"113\"><strong>15.00 \u2013 16.00<\/strong><\/td>\n<\/tr>\n<tr>\n<td width=\"168\"><strong>Klaudia Bystrzak<\/strong><\/td>\n<td width=\"129\">psycholog<\/td>\n<td width=\"157\">poniedzia\u0142ek<\/td>\n<td width=\"113\"><strong>14.00 \u2013 15.00<\/strong><\/td>\n<\/tr>\n<tr>\n<td width=\"168\"><strong>Anita Cugier-Bartkowiak<\/strong><\/td>\n<td width=\"129\">psycholog<\/td>\n<td width=\"157\">\u015broda<\/td>\n<td width=\"113\"><strong>16.00 \u2013 17.00<\/strong><\/td>\n<\/tr>\n<tr>\n<td rowspan=\"2\" width=\"168\"><strong>Agnieszka Grze\u015bkowiak<\/strong><\/td>\n<td rowspan=\"2\" width=\"129\">psycholog<\/td>\n<td width=\"157\">\u015broda<\/td>\n<td width=\"113\"><strong>10.45 \u2013 11.15<\/strong><\/td>\n<\/tr>\n<tr>\n<td width=\"157\">czwartek<\/td>\n<td width=\"113\"><strong>13.45 \u2013 14.15<\/strong><\/td>\n<\/tr>\n<tr>\n<td width=\"168\"><strong>Alicja Jankowiak<\/strong><\/td>\n<td width=\"129\">pedagog, doradca zawodowy<\/td>\n<td width=\"157\">czwartki od 09.02.2023<\/td>\n<td width=\"113\"><strong>11.00 \u2013 12.00<\/strong><\/td>\n<\/tr>\n<tr>\n<td width=\"168\"><strong>Adriana Jankowska-Semik<\/strong><\/td>\n<td width=\"129\">pedagog<\/td>\n<td width=\"157\">poniedzia\u0142ek<\/td>\n<td width=\"113\"><strong>12.00- 13.00<\/strong><\/td>\n<\/tr>\n<tr>\n<td rowspan=\"3\" width=\"168\"><strong>Agnieszka Najewska-Nowak<\/strong><\/td>\n<td rowspan=\"3\" width=\"129\">pedagog<\/td>\n<td width=\"157\">poniedzia\u0142ek<\/td>\n<td width=\"113\"><strong>12.45 \u2013 13.00<\/strong><\/td>\n<\/tr>\n<tr>\n<td width=\"157\">wtorek<\/td>\n<td width=\"113\"><strong>7.30 \u2013 8.00<\/strong><\/td>\n<\/tr>\n<tr>\n<td width=\"157\">\u015broda<\/td>\n<td width=\"113\"><strong>12.45 \u2013 13.00<\/strong><\/td>\n<\/tr>\n<tr>\n<td width=\"168\"><strong>Hanna Nowosielska-Wojciechowska<\/strong><\/td>\n<td width=\"129\">psycholog<\/td>\n<td width=\"157\">czwartek<\/td>\n<td width=\"113\"><strong>12.00 \u2013 13.00<\/strong><\/td>\n<\/tr>\n<tr>\n<td width=\"168\"><strong>Aleksandra Ruducha<\/strong><\/td>\n<td width=\"129\">pedagog<\/td>\n<td width=\"157\">\u015broda<\/td>\n<td width=\"113\"><strong>12.00 \u2013 13.00<\/strong><\/td>\n<\/tr>\n<tr>\n<td width=\"168\"><strong>Ma\u0142gorzata Stypczy\u0144ska<\/strong><\/td>\n<td width=\"129\">logopeda<\/td>\n<td width=\"157\">\u015broda<\/td>\n<td width=\"113\"><strong>14.00 \u2013 15.00<\/strong><\/td>\n<\/tr>\n<tr>\n<td width=\"168\"><strong>Ewa Tryjanowska<\/strong><\/td>\n<td width=\"129\">pedagog<\/td>\n<td width=\"157\">\u015broda<\/td>\n<td width=\"113\"><strong>14.00 \u2013 15.00<\/strong><\/td>\n<\/tr>\n<tr>\n<td width=\"168\"><strong>Hanna Wawrzyniak<\/strong><\/td>\n<td width=\"129\">logopeda<\/td>\n<td width=\"157\">\u015broda<\/td>\n<td width=\"113\"><strong>14.00 \u2013 15.00<\/strong><\/td>\n<\/tr>\n<tr>\n<td rowspan=\"2\" width=\"168\"><strong>Paulina Wieczerzak<\/strong><\/td>\n<td rowspan=\"2\" width=\"129\">psycholog<\/td>\n<td width=\"157\">wtorek<\/td>\n<td width=\"113\"><strong>8.00 \u2013 8.30<\/strong><\/td>\n<\/tr>\n<tr>\n<td width=\"157\">\u015broda<\/td>\n<td width=\"113\"><strong>8.00 \u2013 8.30<\/strong><\/td>\n<\/tr>\n<tr>\n<td width=\"168\"><strong>Anna Z\u0142otkowska-Siwek<\/strong><\/td>\n<td width=\"129\">psycholog<\/td>\n<td width=\"157\">\u015broda<\/td>\n<td width=\"113\"><strong>12.00 \u2013 13.00<\/strong><\/td>\n<\/tr>\n<tr>\n<td width=\"168\"><strong>Monika Zielinska<\/strong><\/td>\n<td width=\"129\">pedagog<\/td>\n<td width=\"157\">pi\u0105tek<\/td>\n<td width=\"113\"><strong>16.10 \u2013 17.10<\/strong><\/td>\n<\/tr>\n<\/tbody>\n<\/table>\n<h4 style=\"text-align: center;\">STYCZE\u0143 2023<\/h4>\n<table>\n<tbody>\n<tr>\n<td width=\"168\"><strong>IMI\u0118 I NAZWISKO<\/strong><\/td>\n<td width=\"129\"><strong>STANOWISKO<\/strong><\/td>\n<td width=\"157\"><strong>DZIE\u0143 TYGODNIA\/DATA<\/strong><\/td>\n<td width=\"151\"><strong>GODZINY<\/strong><\/td>\n<\/tr>\n<tr>\n<td width=\"168\"><strong>Danuta Hulewicz<\/strong><\/td>\n<td width=\"129\">dyrektor, pedagog<\/td>\n<td width=\"157\">czwartek<\/td>\n<td width=\"151\"><strong>15.00 \u2013 16.00<\/strong><\/td>\n<\/tr>\n<tr>\n<td width=\"168\"><strong>Anita Cugier-Bartkowiak<\/strong><\/td>\n<td width=\"129\">psycholog<\/td>\n<td width=\"157\">\u015broda<\/td>\n<td width=\"151\"><strong>16.00 \u2013 17.00<\/strong><\/td>\n<\/tr>\n<tr>\n<td rowspan=\"2\" width=\"168\"><strong>Agnieszka Grze\u015bkowiak<\/strong><\/td>\n<td rowspan=\"2\" width=\"129\">psycholog<\/td>\n<td width=\"157\">\u015broda<\/td>\n<td width=\"151\"><strong>10.45 \u2013 11.15<\/strong><\/td>\n<\/tr>\n<tr>\n<td width=\"157\">czwartek<\/td>\n<td width=\"151\"><strong>13.45 \u2013 14.15<\/strong><\/td>\n<\/tr>\n<tr>\n<td rowspan=\"5\" width=\"168\"><strong>Alicja Jankowiak<\/strong><\/td>\n<td rowspan=\"5\" width=\"129\">pedagog, doradca zawodowy<\/td>\n<td width=\"157\">\u015broda <strong><em>04.01.2023<\/em><\/strong><\/td>\n<td width=\"151\"><strong>13.00 \u2013 14.00<\/strong><\/td>\n<\/tr>\n<tr>\n<td width=\"157\">czwartek <strong><em>12.01.2023<\/em><\/strong><\/td>\n<td width=\"151\"><strong>11.00 \u2013 12.00<\/strong><\/td>\n<\/tr>\n<tr>\n<td width=\"157\">\u015broda <strong><em>18.01.2023<\/em><\/strong><\/td>\n<td width=\"151\"><strong>13.00 \u2013 14.00<\/strong><\/td>\n<\/tr>\n<tr>\n<td width=\"157\">czwartek <strong><em>26.01.2023<\/em><\/strong><\/td>\n<td width=\"151\"><strong>11.00 \u2013 12.00<\/strong><\/td>\n<\/tr>\n<tr>\n<td width=\"157\">wtorek <strong><em>31.01.2023<\/em><\/strong><\/td>\n<td width=\"151\"><strong>16.00 \u2013 17.00<\/strong><\/td>\n<\/tr>\n<tr>\n<td width=\"168\"><strong>Adriana Jankowska-Semik<\/strong><\/td>\n<td width=\"129\">pedagog<\/td>\n<td width=\"157\">poniedzia\u0142ek<\/td>\n<td width=\"151\"><strong>12.00- 13.00<\/strong><\/td>\n<\/tr>\n<tr>\n<td rowspan=\"3\" width=\"168\"><strong>Agnieszka Najewska-Nowak<\/strong><\/td>\n<td rowspan=\"3\" width=\"129\">pedagog<\/td>\n<td width=\"157\">poniedzia\u0142ek<\/td>\n<td width=\"151\"><strong>12.45 \u2013 13.00<\/strong><\/td>\n<\/tr>\n<tr>\n<td width=\"157\">wtorek<\/td>\n<td width=\"151\"><strong>7.30 \u2013 8.00<\/strong><\/td>\n<\/tr>\n<tr>\n<td width=\"157\">\u015broda<\/td>\n<td width=\"151\"><strong>12.45 \u2013 13.00<\/strong><\/td>\n<\/tr>\n<tr>\n<td width=\"168\"><strong>Hanna Nowosielska-Wojciechowska<\/strong><\/td>\n<td width=\"129\">psycholog<\/td>\n<td width=\"157\">czwartek<\/td>\n<td width=\"151\"><strong>12.00 \u2013 13.00<\/strong><\/td>\n<\/tr>\n<tr>\n<td width=\"168\"><strong>Aleksandra Ruducha<\/strong><\/td>\n<td width=\"129\">pedagog<\/td>\n<td width=\"157\">\u015broda<\/td>\n<td width=\"151\"><strong>12.00 \u2013 13.00<\/strong><\/td>\n<\/tr>\n<tr>\n<td width=\"168\"><strong>Ma\u0142gorzata Stypczy\u0144ska<\/strong><\/td>\n<td width=\"129\">logopeda<\/td>\n<td width=\"157\">\u015broda<\/td>\n<td width=\"151\"><strong>14.00 \u2013 15.00<\/strong><\/td>\n<\/tr>\n<tr>\n<td width=\"168\"><strong>Ewa Tryjanowska<\/strong><\/td>\n<td width=\"129\">pedagog<\/td>\n<td width=\"157\">\u015broda<\/td>\n<td width=\"151\"><strong>14.00 \u2013 15.00<\/strong><\/td>\n<\/tr>\n<tr>\n<td width=\"168\"><strong>Hanna Wawrzyniak<\/strong><\/td>\n<td width=\"129\">logopeda<\/td>\n<td width=\"157\">\u015broda<\/td>\n<td width=\"151\"><strong>14.00 \u2013 15.00<\/strong><\/td>\n<\/tr>\n<tr>\n<td rowspan=\"2\" width=\"168\"><strong>Paulina Wieczerzak<\/strong><\/td>\n<td rowspan=\"2\" width=\"129\">psycholog<\/td>\n<td width=\"157\">wtorek<\/td>\n<td width=\"151\"><strong>8.00 \u2013 8.30<\/strong><\/td>\n<\/tr>\n<tr>\n<td width=\"157\">\u015broda<\/td>\n<td width=\"151\"><strong>8.00 \u2013 8.30<\/strong><\/td>\n<\/tr>\n<tr>\n<td width=\"168\"><strong>Anna Z\u0142otkowska-Siwek<\/strong><\/td>\n<td width=\"129\">psycholog<\/td>\n<td width=\"157\">\u015broda<\/td>\n<td width=\"151\"><strong>12.00 \u2013 13.00<\/strong><\/td>\n<\/tr>\n<tr>\n<td width=\"168\"><strong>Monika Zieli\u0144ska<\/strong><\/td>\n<td width=\"129\">pedagog<\/td>\n<td width=\"157\">pi\u0105tek<\/td>\n<td width=\"151\"><strong>16.10 \u2013 17.10<\/strong><\/td>\n<\/tr>\n<\/tbody>\n<\/table>\n","protected":false},"excerpt":{"rendered":"<p>GODZINY DOST\u0118PNO\u015aCI Osoby zainteresowane b\u0119d\u0105 przyjmowane na konsultacje w ramach godzin dost\u0119pno\u015bci po uprzednim telefonicznym lub osobistym zg\u0142oszeniu w sekretariacie Poradni. Tel. 61 677 08&hellip; <a class=\"continue\" href=\"https:\/\/pppsroda.pl\/index.php\/godziny-dostepnosci\/\">Continue Reading<span> Godziny dost\u0119pno\u015bci<\/span><\/a><\/p>\n","protected":false},"author":1,"featured_media":0,"parent":0,"menu_order":0,"comment_status":"closed","ping_status":"closed","template":"","meta":{"footnotes":""},"class_list":["post-197","page","type-page","status-publish","hentry"],"_links":{"self":[{"href":"https:\/\/pppsroda.pl\/index.php\/wp-json\/wp\/v2\/pages\/197","targetHints":{"allow":["GET"]}}],"collection":[{"href":"https:\/\/pppsroda.pl\/index.php\/wp-json\/wp\/v2\/pages"}],"about":[{"href":"https:\/\/pppsroda.pl\/index.php\/wp-json\/wp\/v2\/types\/page"}],"author":[{"embeddable":true,"href":"https:\/\/pppsroda.pl\/index.php\/wp-json\/wp\/v2\/users\/1"}],"replies":[{"embeddable":true,"href":"https:\/\/pppsroda.pl\/index.php\/wp-json\/wp\/v2\/comments?post=197"}],"version-history":[{"count":9,"href":"https:\/\/pppsroda.pl\/index.php\/wp-json\/wp\/v2\/pages\/197\/revisions"}],"predecessor-version":[{"id":278,"href":"https:\/\/pppsroda.pl\/index.php\/wp-json\/wp\/v2\/pages\/197\/revisions\/278"}],"wp:attachment":[{"href":"https:\/\/pppsroda.pl\/index.php\/wp-json\/wp\/v2\/media?parent=197"}],"curies":[{"name":"wp","href":"https:\/\/api.w.org\/{rel}","templated":true}]}}