{"id":189,"date":"2023-01-13T06:12:01","date_gmt":"2023-01-13T06:12:01","guid":{"rendered":"https:\/\/pppsroda.pl\/?page_id=189"},"modified":"2025-10-09T12:14:13","modified_gmt":"2025-10-09T12:14:13","slug":"harmonogram-pracy","status":"publish","type":"page","link":"https:\/\/pppsroda.pl\/index.php\/harmonogram-pracy\/","title":{"rendered":"Harmonogram pracy"},"content":{"rendered":"<p style=\"text-align: center;\"><strong>HARMONOGRAM ZAJ\u0118\u0106 PRACOWNIK\u00d3W PEDAGOGICZNYCH PPP W \u015aRODZIE WLLKP.<br \/>\nROK SZKOLNY 2025\/2026 (pa\u017adziernik 2025)<\/strong><\/p>\n<table style=\"height: 1275px;\" width=\"908\">\n<tbody>\n<tr>\n<td width=\"24\"><\/td>\n<td width=\"117\"><\/td>\n<td style=\"text-align: center;\" width=\"102\"><strong>poniedzia\u0142ek<\/strong><\/td>\n<td style=\"text-align: center;\" width=\"102\"><strong>wtorek<\/strong><\/td>\n<td style=\"text-align: center;\" width=\"102\"><strong>\u015broda<\/strong><\/td>\n<td style=\"text-align: center;\" width=\"102\"><strong>czwartek<\/strong><\/td>\n<td style=\"text-align: center;\" width=\"102\"><strong>pi\u0105tek<\/strong><\/td>\n<\/tr>\n<tr>\n<td width=\"34\">1.<\/td>\n<td width=\"117\">Danuta Hulewicz<\/td>\n<td style=\"text-align: center;\" width=\"102\">8.00 \u2013 13.00<\/td>\n<td style=\"text-align: center;\" width=\"102\">11.30 \u2013 15.30<\/td>\n<td style=\"text-align: center;\" width=\"102\">8.00 \u2013 13.00<\/td>\n<td style=\"text-align: center;\" width=\"102\">\u00a013.00 \u2013 17.00<\/td>\n<td style=\"text-align: center;\" width=\"102\">13.30 \u2013 15.30<\/td>\n<\/tr>\n<tr>\n<td width=\"34\">2.<\/td>\n<td width=\"117\">Klaudia Bystrzak<\/td>\n<td style=\"text-align: center;\" width=\"102\">8.00\u201316.00<\/td>\n<td style=\"text-align: center;\" width=\"102\">8.00\u201311.00<\/p>\n<p>11.00\u201314.00<\/td>\n<td style=\"text-align: center;\" width=\"102\">8.00\u201311.00<\/p>\n<p>11.00\u201313.00<\/td>\n<td style=\"text-align: center;\" width=\"102\">8.00 \u2013 11.00<\/td>\n<td style=\"text-align: center;\" width=\"102\">12.00 \u2013 15.00<\/td>\n<\/tr>\n<tr>\n<td width=\"34\">3.<\/td>\n<td width=\"117\">Anita Cugier \u2013 Bartkowiak<\/td>\n<td style=\"text-align: center;\" width=\"102\">&#8211;<\/td>\n<td style=\"text-align: center;\" width=\"102\">&#8211;<\/td>\n<td style=\"text-align: center;\" width=\"102\">9.00 \u2013 14.00<\/td>\n<td style=\"text-align: center;\" width=\"102\">8.30 \u2013 14.30<\/td>\n<td style=\"text-align: center;\" width=\"102\">9.00 \u2013 15.00<\/td>\n<\/tr>\n<tr>\n<td width=\"34\">4.<\/td>\n<td width=\"117\">Daria Grzesiek<\/td>\n<td style=\"text-align: center;\" width=\"102\">&#8211;<\/td>\n<td style=\"text-align: center;\" width=\"102\">&#8211;<\/td>\n<td style=\"text-align: center;\" width=\"102\">13.00 \u2013 17.00<\/td>\n<td style=\"text-align: center;\" width=\"102\">&#8211;<\/td>\n<td style=\"text-align: center;\" width=\"102\">8.00 \u2013 14.00<\/td>\n<\/tr>\n<tr>\n<td width=\"34\">5.<\/td>\n<td width=\"117\">Agnieszka Grze\u015bkowiak<\/td>\n<td style=\"text-align: center;\" width=\"102\">&#8211;<\/td>\n<td style=\"text-align: center;\" width=\"102\">7.45 \u2013 13.45<\/td>\n<td style=\"text-align: center;\" width=\"102\">7.45 \u2013 10.45 (13.45)<\/td>\n<td style=\"text-align: center;\" width=\"102\">7.45 \u2013 13.45<\/td>\n<td width=\"102\">\n<p style=\"text-align: center;\">7.45 \u2013 12.45<\/p>\n<\/td>\n<\/tr>\n<tr>\n<td width=\"34\">6.<\/td>\n<td width=\"117\">Alicja<\/p>\n<p>Jankowiak<\/td>\n<td width=\"102\">\n<p style=\"text-align: center;\">8.00 &#8211; 11.00<\/p>\n<p style=\"text-align: center;\">11.00 -13.00<\/p>\n<\/td>\n<td style=\"text-align: center;\" width=\"102\">10.30 \u2013 13.30<\/td>\n<td style=\"text-align: center;\" width=\"102\">8.00 \u2013 11.00<\/p>\n<p>11.00 \u2013 14.00<\/td>\n<td style=\"text-align: center;\" width=\"102\">8.00 \u2013 14.00<\/td>\n<td style=\"text-align: center;\" width=\"102\">9.00 \u2013 14.00<\/td>\n<\/tr>\n<tr>\n<td width=\"34\">7.<\/td>\n<td width=\"117\">Adriana Jankowska-Semik<\/td>\n<td style=\"text-align: center;\" width=\"102\">&#8211;<\/td>\n<td style=\"text-align: center;\" width=\"102\">&#8211;<\/td>\n<td style=\"text-align: center;\" width=\"102\">14.00 \u2013 18.00<\/td>\n<td style=\"text-align: center;\" width=\"102\">14.00 \u2013 17.00<\/td>\n<td style=\"text-align: center;\" width=\"102\">14.00 \u2013 17.00<\/td>\n<\/tr>\n<tr>\n<td width=\"34\">8.<\/td>\n<td width=\"117\">Paulina Ko\u0142akowska<\/td>\n<td style=\"text-align: center;\" width=\"102\">&#8211;<\/td>\n<td style=\"text-align: center;\" width=\"102\">7.30 \u2013 11.30<\/td>\n<td style=\"text-align: center;\" width=\"102\">&#8211;<\/td>\n<td style=\"text-align: center;\" width=\"102\">10.45 \u2013 16.45<\/td>\n<td style=\"text-align: center;\" width=\"102\">&#8211;<\/td>\n<\/tr>\n<tr>\n<td width=\"34\">9.<\/td>\n<td width=\"117\">Katarzyna Kozber-Ka\u017amierczak<\/td>\n<td style=\"text-align: center;\" width=\"102\">8.00-15.00<\/td>\n<td style=\"text-align: center;\" width=\"102\">8.00 \u2013 10.30<\/td>\n<td style=\"text-align: center;\" width=\"102\">12.30 \u2013 17.00<\/td>\n<td style=\"text-align: center;\" width=\"102\">&#8211;<\/td>\n<td style=\"text-align: center;\" width=\"102\">8.00 -14.00<\/td>\n<\/tr>\n<tr>\n<td width=\"34\">10.<\/td>\n<td width=\"117\">Maja Kubisiak<\/td>\n<td style=\"text-align: center;\" width=\"102\">&#8211;<\/td>\n<td style=\"text-align: center;\" width=\"102\">11.15 \u2013 17.15<\/td>\n<td style=\"text-align: center;\" width=\"102\">&#8211;<\/td>\n<td style=\"text-align: center;\" width=\"102\">8.00 \u2013 12.00<\/td>\n<td style=\"text-align: center;\" width=\"102\">&#8211;<\/td>\n<\/tr>\n<tr>\n<td width=\"34\">11.<\/td>\n<td width=\"117\">Agnieszka Najewska-Nowak<\/td>\n<td style=\"text-align: center;\" width=\"102\">13.00 \u2013 16.00<\/td>\n<td style=\"text-align: center;\" width=\"102\">8.00 \u2013 11.30<\/td>\n<td style=\"text-align: center;\" width=\"102\">8.00 \u2013 11.30<\/td>\n<td style=\"text-align: center;\" width=\"102\">&#8211;<\/td>\n<td style=\"text-align: center;\" width=\"102\">&#8211;<\/td>\n<\/tr>\n<tr>\n<td width=\"34\">12.<\/td>\n<td width=\"117\">Aleksandra Ruducha<\/td>\n<td style=\"text-align: center;\" width=\"102\">12.00 \u2013 16.30<\/td>\n<td style=\"text-align: center;\" width=\"102\">&#8211;<\/td>\n<td style=\"text-align: center;\" width=\"102\">15.00 \u2013 18.00<\/td>\n<td style=\"text-align: center;\" width=\"102\">12.30 \u2013 18.30<\/td>\n<td style=\"text-align: center;\" width=\"102\">8.00 \u2013 14.30<\/td>\n<\/tr>\n<tr>\n<td width=\"34\">13.<\/td>\n<td width=\"117\">Hanna Wawrzyniak<\/td>\n<td style=\"text-align: center;\" width=\"102\">13.00 -18.00<\/td>\n<td style=\"text-align: center;\" width=\"102\">8.00 \u2013 13.00<\/td>\n<td style=\"text-align: center;\" width=\"102\">&#8211;<\/td>\n<td style=\"text-align: center;\" width=\"102\">8.00 \u2013 15.00<\/td>\n<td style=\"text-align: center;\" width=\"102\">14.00 \u2013 17.00<\/td>\n<\/tr>\n<tr>\n<td width=\"34\">14.<\/td>\n<td width=\"117\">Paulina Wieczerzak<\/td>\n<td style=\"text-align: center;\" width=\"102\">7.45 \u2013 14.45<\/td>\n<td style=\"text-align: center;\" width=\"102\">8.00 \u2013 11.00<\/td>\n<td style=\"text-align: center;\" width=\"102\">&#8211;<\/td>\n<td style=\"text-align: center;\" width=\"102\">13.30 \u2013 16.30<\/td>\n<td style=\"text-align: center;\" width=\"102\">7.45 -14.45<\/td>\n<\/tr>\n<tr>\n<td width=\"34\">15.<\/td>\n<td width=\"117\">Anna Z\u0142otkowska-Siwek<\/td>\n<td style=\"text-align: center;\" width=\"102\">&#8211;<\/td>\n<td style=\"text-align: center;\" width=\"102\">&#8211;<\/td>\n<td style=\"text-align: center;\" width=\"102\">9.00 \u2013 16.00<\/td>\n<td style=\"text-align: center;\" width=\"102\">8.30 \u2013 13.30<\/td>\n<td style=\"text-align: center;\" width=\"102\">9.00 -12.00<\/td>\n<\/tr>\n<\/tbody>\n<\/table>\n<p>&nbsp;<\/p>\n","protected":false},"excerpt":{"rendered":"<p>HARMONOGRAM ZAJ\u0118\u0106 PRACOWNIK\u00d3W PEDAGOGICZNYCH PPP W \u015aRODZIE WLLKP. ROK SZKOLNY 2025\/2026 (pa\u017adziernik 2025) poniedzia\u0142ek wtorek \u015broda czwartek pi\u0105tek 1. Danuta Hulewicz 8.00 \u2013 13.00 11.30&hellip; <a class=\"continue\" href=\"https:\/\/pppsroda.pl\/index.php\/harmonogram-pracy\/\">Continue Reading<span> Harmonogram pracy<\/span><\/a><\/p>\n","protected":false},"author":1,"featured_media":0,"parent":0,"menu_order":0,"comment_status":"closed","ping_status":"closed","template":"","meta":{"footnotes":""},"class_list":["post-189","page","type-page","status-publish","hentry"],"_links":{"self":[{"href":"https:\/\/pppsroda.pl\/index.php\/wp-json\/wp\/v2\/pages\/189","targetHints":{"allow":["GET"]}}],"collection":[{"href":"https:\/\/pppsroda.pl\/index.php\/wp-json\/wp\/v2\/pages"}],"about":[{"href":"https:\/\/pppsroda.pl\/index.php\/wp-json\/wp\/v2\/types\/page"}],"author":[{"embeddable":true,"href":"https:\/\/pppsroda.pl\/index.php\/wp-json\/wp\/v2\/users\/1"}],"replies":[{"embeddable":true,"href":"https:\/\/pppsroda.pl\/index.php\/wp-json\/wp\/v2\/comments?post=189"}],"version-history":[{"count":20,"href":"https:\/\/pppsroda.pl\/index.php\/wp-json\/wp\/v2\/pages\/189\/revisions"}],"predecessor-version":[{"id":519,"href":"https:\/\/pppsroda.pl\/index.php\/wp-json\/wp\/v2\/pages\/189\/revisions\/519"}],"wp:attachment":[{"href":"https:\/\/pppsroda.pl\/index.php\/wp-json\/wp\/v2\/media?parent=189"}],"curies":[{"name":"wp","href":"https:\/\/api.w.org\/{rel}","templated":true}]}}