{"id":112,"date":"2022-05-11T18:47:22","date_gmt":"2022-05-11T18:47:22","guid":{"rendered":"http:\/\/pppsroda.pl\/?page_id=112"},"modified":"2022-05-11T18:47:34","modified_gmt":"2022-05-11T18:47:34","slug":"psychologow","status":"publish","type":"page","link":"https:\/\/pppsroda.pl\/index.php\/psychologow\/","title":{"rendered":"Psycholog\u00f3w"},"content":{"rendered":"<h2>Informacje dla logoped\u00f3w<\/h2>\n<p>HARMONOGRAM SPOTKA\u0143 SIECI WSP\u00d3\u0141PRACY I SAMOKSZTA\u0141CENIA LOGOPED\u00d3W 2018<br \/>\ndodano: 5 pa\u017adziernika 2018 r.<br \/>\nHARMONOGRAM SPOTKA\u0143 SIECI WSP\u00d3\u0141PRACY I SAMOKSZTA\u0141CENIA LOGOPED\u00d3W<br \/>\nW ROKU SZKOLNYM 2018\/2019<\/p>\n<p>06.11.2018 GODZ 9.00<br \/>\n08.01.2019 GODZ 9.00<br \/>\n05.03.2019 GODZ 9.00<br \/>\n07.05.2019 GODZ 9.00<\/p>\n<p>Cele spotka\u0144:<br \/>\n\uf0fc wymiana do\u015bwiadcze\u0144 w prowadzonej terapii,<br \/>\n\uf0fc rozwiazywanie problem\u00f3w dotycz\u0105cych stawiania diagnozy logopedycznej,<br \/>\n\uf0fc omawianie indywidualnych przypadk\u00f3w, efekt\u00f3w prowadzonych terapii logopedycznych,<br \/>\n\uf0fc dzielenie si\u0119 wiedz\u0105 z zakresu logopedii \/ neurologopedii celem poszerzania umiej\u0119tno\u015bci,<br \/>\n\uf0fc monitorowanie nowo\u015bci na rynku wydawniczym, przydatnych w terapii,<br \/>\n\uf0fc udzia\u0142 w og\u00f3lnopolskiej akcji Dnia Bezp\u0142atnych Bada\u0144 Logopedycznych organizowanych przez Polski Zwi\u0105zek Logoped\u00f3w,<br \/>\n\uf0fc zorganizowanie dw\u00f3ch szkole\u0144 zewn\u0119trznych w tematyce: Terapia dziecka z afazj\u0105, Zaburzenia przetwarzania s\u0142uchowego a wada wymowy.<\/p>\n<p>HARMONOGRAM SPOTKA\u0143 SIECI WSP\u00d3\u0141PRACY I SAMOKSZTA\u0141CENIA LOGOPED\u00d3W<br \/>\ndodano: 6 pa\u017adziernika 2017 r.<br \/>\nHARMONOGRAM SPOTKA\u0143 SIECI WSP\u00d3\u0141PRACY I SAMOKSZTA\u0141CENIA LOGOPED\u00d3W<br \/>\nW ROKU SZKOLNYM 2017\/2018<\/p>\n<p>07.11.2017 GODZ 15.00 Specyficzne zaburzenia rozwoju j\u0119zyka SLI \/ diagnoza i terapia \/<br \/>\n09.01.2018 GODZ 15.00 Diagnoza dziecka dwuj\u0119zycznego.<br \/>\n13.03.2018 GODZ 15.00 Oligofazja \u2013 metody pracy z dzieckiem.<br \/>\n22.05.2018 GODZ 15.00 Wady zgryzu a zaburzenia wymowy.<\/p>\n<p>ZAPRASZAMY LOGOPED\u00d3W<br \/>\ndodano: 30 sierpnia 2017 r.<br \/>\nZAPRASZAMY LOGOPED\u00d3W PRACUJ\u0104CYCH W PLAC\u00d3WKACH O\u015aWIATOWYCH POWIATU \u015aREDZKIEGO NA PIERWSZE SPOTKANIE W ROKU SZKOLNYM 2017\/2018 SIECI WSP\u00d3\u0141PRACY LOGOPED\u00d3W, KT\u00d3RE ODB\u0118DZIE SI\u0118 19 WRZE\u015aNIA O GODZ 15.00 W NASZEJ PORADNI.PROSIMY O ZG\u0141OSZENIA TELEFONICZNE 605 868 858<br \/>\nKoordynator Sieci Wsp\u00f3\u0142pracy logoped\u00f3w<br \/>\nHanna Wawrzyniak-Kujawa<\/p>\n<p>Informacja<br \/>\ndodano: 8 marca 2017 r.<br \/>\nPrzewidziany termin spotania Zespo\u0142u Logoped\u00f3w z dnia 14 marca zosta\u0142 przesuni\u0119ty na 16 marca.<\/p>\n<p>W tym dniu odb\u0119dzie sie szkolenie &#8222;Terapia r\u0119ki&#8221; , kt\u00f3re poprowadzi mgr Krystyna Jack\u00f3w Sowa &#8211; terapeuta SI Szkolenie odb\u0119dzie si\u0119 w poradni w godzinach 16.00-19.00<\/p>\n<p>Zaproszenie<br \/>\ndodano: 14 wrze\u015bnia 2016 r.<br \/>\nZapraszamy logoped\u00f3w, pracuj\u0105cych w plac\u00f3wkach o\u015bwiatowych powiatu \u015bredzkiego, na cykliczne spotkania Zespo\u0142u Samokszta\u0142ceniowego Logoped\u00f3w.<\/p>\n<p>Harmonogram spotka\u0144 w roku szkolnym 2016\/2017:<br \/>\n15.11.2016 Pomoce logopedyczne w jako warsztat pracy logopedy.<br \/>\n10.01.2017 Dokumentacja logopedy w plac\u00f3wce oswiatowej. Diagnoza logopedyczna.<br \/>\n14.03.2017 Terapia r\u0119ki.<br \/>\n16.05.2017 Specyficzne zaburzenia j\u0119zykowe SLI<\/p>\n<p>Spotkania odbywaj\u0105 si\u0119 we wtorki w godz. 15.00 &#8211; 17.30<br \/>\nCh\u0119\u0107 udzia\u0142u w spotkaniach prosimy zg\u0142asza\u0107 telefonicznie pod numerem +48 605 868 858<br \/>\nKoordynator Zespo\u0142u<br \/>\nHanna Wawrzyniak-Kujawa<\/p>\n<p>Ulotka &#8211; Rozw\u00f3j mowy dziecka 0 &#8211; 7 rok \u017cycia<br \/>\ndodano: 24 lutego 2016 r.<br \/>\nAby pobra\u0107 ulotk\u0119 prosz\u0119 klikn\u0105\u0107 tutaj<br \/>\ndokument w formacie *.pdf<\/p>\n<p>Harmonogram spotka\u0144<br \/>\ndodano: 5 listopada 2015 r.<br \/>\nHARMONOGRAM SPOTKA\u0143:<br \/>\n08.12.2015r.<br \/>\n09.02.2016r.<br \/>\n12.04.2016r.<br \/>\n07.06.2016r.<\/p>\n<p>Spotkania odbywaj\u0105 si\u0119 we wtorki od godz 15.00 &#8211; 17.00<br \/>\nProponowana tematyka spotka\u0144:<br \/>\n1. Praktyczne sposoby wywo\u0142ywania fonem\u00f3w.<br \/>\n2. Przesiewowe testy mowy dla dzieci w wieku przedszkolnym.<br \/>\n3. \u0106wiczenia s\u0142uchowe w terapii logopedycznej.<br \/>\n4. Terapia j\u0105kania dzieci w m\u0142oszym wieku szkolnym.<\/p>\n<p>Koordynator:<br \/>\nHanna Wawrzyniak-Kujawa<\/p>\n","protected":false},"excerpt":{"rendered":"<p>Informacje dla logoped\u00f3w HARMONOGRAM SPOTKA\u0143 SIECI WSP\u00d3\u0141PRACY I SAMOKSZTA\u0141CENIA LOGOPED\u00d3W 2018 dodano: 5 pa\u017adziernika 2018 r. HARMONOGRAM SPOTKA\u0143 SIECI WSP\u00d3\u0141PRACY I SAMOKSZTA\u0141CENIA LOGOPED\u00d3W W ROKU&hellip; <a class=\"continue\" href=\"https:\/\/pppsroda.pl\/index.php\/psychologow\/\">Continue Reading<span> Psycholog\u00f3w<\/span><\/a><\/p>\n","protected":false},"author":1,"featured_media":0,"parent":0,"menu_order":0,"comment_status":"closed","ping_status":"closed","template":"","meta":{"footnotes":""},"class_list":["post-112","page","type-page","status-publish","hentry"],"_links":{"self":[{"href":"https:\/\/pppsroda.pl\/index.php\/wp-json\/wp\/v2\/pages\/112","targetHints":{"allow":["GET"]}}],"collection":[{"href":"https:\/\/pppsroda.pl\/index.php\/wp-json\/wp\/v2\/pages"}],"about":[{"href":"https:\/\/pppsroda.pl\/index.php\/wp-json\/wp\/v2\/types\/page"}],"author":[{"embeddable":true,"href":"https:\/\/pppsroda.pl\/index.php\/wp-json\/wp\/v2\/users\/1"}],"replies":[{"embeddable":true,"href":"https:\/\/pppsroda.pl\/index.php\/wp-json\/wp\/v2\/comments?post=112"}],"version-history":[{"count":2,"href":"https:\/\/pppsroda.pl\/index.php\/wp-json\/wp\/v2\/pages\/112\/revisions"}],"predecessor-version":[{"id":114,"href":"https:\/\/pppsroda.pl\/index.php\/wp-json\/wp\/v2\/pages\/112\/revisions\/114"}],"wp:attachment":[{"href":"https:\/\/pppsroda.pl\/index.php\/wp-json\/wp\/v2\/media?parent=112"}],"curies":[{"name":"wp","href":"https:\/\/api.w.org\/{rel}","templated":true}]}}