{"id":109,"date":"2022-05-11T18:46:07","date_gmt":"2022-05-11T18:46:07","guid":{"rendered":"http:\/\/pppsroda.pl\/?page_id=109"},"modified":"2023-01-24T07:28:47","modified_gmt":"2023-01-24T07:28:47","slug":"informacje-dla-pedagogow","status":"publish","type":"page","link":"https:\/\/pppsroda.pl\/index.php\/informacje-dla-pedagogow\/","title":{"rendered":"Informacje dla pedagog\u00f3w"},"content":{"rendered":"<h3>ZAPRASZAMY NAUCZYCIELI I SPECJALIST\u00d3W DO UDZIA\u0141U<br \/>\nW SPOTKANIACH SIECI WSP\u00d3\u0141PRACY I SAMOKSZTA\u0141CENIA<\/h3>\n<p>W ROKU SZKOLNYM 2022\/2023<\/p>\n<p>Poradnia Psychologiczno \u2013 Pedagogiczna w \u015arodzie Wlkp. zaprasza ch\u0119tnych specjalist\u00f3w i nauczycieli<br \/>\nszk\u00f3\u0142 i przedszkoli do pracy w sieciach wsp\u00f3\u0142pracy i samokszta\u0142cenia &#8211; zespo\u0142\u00f3w pracownik\u00f3w<br \/>\no\u015bwiaty, wsp\u00f3\u0142pracuj\u0105cych ze\u00a0sob\u0105 w\u00a0ramach wybranych obszar\u00f3w.<br \/>\nCelem funkcjonowania sieci jest wsp\u00f3lne rozwi\u0105zywanie problem\u00f3w, wymiana do\u015bwiadcze\u0144,<br \/>\ndzielenie si\u0119 pomys\u0142ami, spostrze\u017ceniami i\u00a0propozycjami. Cz\u0142onkowie sieci korzystaj\u0105 z\u00a0w\u0142asnej<br \/>\nwiedzy, ale\u00a0mog\u0105 r\u00f3wnie\u017c si\u0119ga\u0107 po\u00a0pomoc zewn\u0119trznych ekspert\u00f3w. Pracuj\u0105 pod\u00a0kierunkiem<br \/>\nkoordynatora\/\u00f3w sieci wsp\u00f3\u0142pracy i\u00a0samokszta\u0142cenia.<\/p>\n<p>Na rok szkolny 2022\/2023 przygotowali\u015bmy dla Pa\u0144stwa propozycje sieci:<\/p>\n<table>\n<tbody>\n<tr>\n<td style=\"text-align: left;\" width=\"387\"><strong>Nazwa sieci:<\/strong><\/td>\n<td style=\"text-align: left;\" width=\"217\"><strong>Osoby koordynuj\u0105ce:<\/strong><\/td>\n<\/tr>\n<tr>\n<td width=\"387\"><strong>Sie\u0107 wsp\u00f3\u0142pracy i samokszta\u0142cenia psycholog\u00f3w i pedagog\u00f3w szkolnych<\/strong><\/td>\n<td width=\"217\">Danuta Hulewicz,<\/p>\n<p>Anna Z\u0142otkowska-Siwek<\/p>\n<p>Anita Cugier-Bartkowiak<\/p>\n<p>Alicja Jankowiak<\/td>\n<\/tr>\n<tr>\n<td width=\"387\"><strong>Sie\u0107 wsp\u00f3\u0142pracy i samokszta\u0142cenia dla doradc\u00f3w zawodowych i nauczycieli koordynator\u00f3w WSDZ.<\/strong><\/td>\n<td width=\"217\">Alicja Jankowiak<\/td>\n<\/tr>\n<tr>\n<td width=\"387\"><strong>Sie\u0107 wsp\u00f3\u0142pracy i samokszta\u0142cenia dla pedagog\u00f3w specjalnych (zatrudnionych od 1 wrze\u015bnia w szko\u0142ach i przedszkolach)<\/strong><\/td>\n<td width=\"217\">Adriana Jankowska-Semik<\/p>\n<p>Monika Zielinska<\/p>\n<p>Danuta Hulewicz<\/td>\n<\/tr>\n<tr>\n<td width=\"387\"><strong>Sie\u0107 wsp\u00f3\u0142pracy i samokszta\u0142cenia dla nauczycieli &#8211; specjalist\u00f3w pracuj\u0105cych z dzie\u0107mi i m\u0142odzie\u017c\u0105 w spektrum autyzmu<\/strong><\/td>\n<td width=\"217\">Aleksandra Ruducha<\/p>\n<p>Paulina Wieczerzak<\/td>\n<\/tr>\n<\/tbody>\n<\/table>\n<p><strong>Nauczycieli i szkolnych specjalist\u00f3w zainteresowanych udzia\u0142em w spotkaniach sieci prosimy o<\/strong><br \/>\n<strong>zg\u0142oszenia telefonicznie (616770880) lub e-mail pppsroda@wp.pl<\/strong><\/p>\n<p>&nbsp;<\/p>\n<p>&nbsp;<\/p>\n<h4>dodano: 29 grudnia 2019 r.<br \/>\nNa spotkaniu organizacyjnym 04.10.2019r. ustalony zosta\u0142 wst\u0119pny harmonogram spotka\u0144 Zespo\u0142u Pedagog\u00f3w i Psycholog\u00f3w Szkolnych<\/h4>\n<p>08.11.2019r.<br \/>\n10.01.2020r.<br \/>\n28.02.2020r.<br \/>\n27.03.2020r.<br \/>\n08.05.2020r.<br \/>\n05.06.2020r.<br \/>\nW dniach 29-30 listopada 2019r. szkolni specjali\u015bci b\u0119d\u0105 mogli wzi\u0105\u0107 udzia\u0142 w szkoleniu zewn\u0119trznym prowadzonym przez psychologa \u2013 p. Aleksandr\u0119 Karasowsk\u0105 na temat \u201eKorygowanie zaburze\u0144 zachowania we wsp\u00f3\u0142pracy z rodzicami\u201d. Spotkania b\u0119d\u0105 odbywa\u0142y si\u0119 w pi\u0105tki, w godz. 9.00 &#8211; 11.30. Zapraszamy szkolnych specjalist\u00f3w do udzia\u0142u w spotkaniach sieci wsp\u00f3\u0142pracy i samokszta\u0142cenia \u2013 Zespo\u0142u Pedagog\u00f3w i Psycholog\u00f3w Szkolnych.<br \/>\nKoordynator Zespo\u0142u \u2013 Danuta Hulewicz<\/p>\n<h3>Harmonogram spotka\u0144 Zespo\u0142u Pedagog\u00f3w i Psycholog\u00f3w Szkolnych w roku szkolnym 2018\/2019<\/h3>\n<p>dodano: 18 pa\u017adziernika 2018 r.<br \/>\nHarmonogram spotka\u0144 Zespo\u0142u Pedagog\u00f3w i Psycholog\u00f3w Szkolnych w roku szkolnym 2018\/2019 Na spotkaniu organizacyjnym 28.09.2018r. ustalony zosta\u0142 wst\u0119pny harmonogram spotka\u0144 Zespo\u0142u<br \/>\n26.10.2018r.<br \/>\n23.11.2018r.<br \/>\n08.02.2019r.<br \/>\n29.03.2019r.<br \/>\n24.05.2019r.<br \/>\nSpotkania b\u0119d\u0105 odbywa\u0142y si\u0119 w pi\u0105tki, w godz. 9.00 &#8211; 11.30. Najbli\u017csze &#8211; pa\u017adziernikowe spotkanie po\u015bwi\u0119cone b\u0119dzie m.in. procedurom interwencyjnym w szkole. Zapraszamy szkolnych specjalist\u00f3w do udzia\u0142u w spotkaniach sieci wsp\u00f3\u0142pracy i samokszta\u0142cenia \u2013 Zespo\u0142u Pedagog\u00f3w i Psycholog\u00f3w Szkolnych.<\/p>\n<p>Koordynator Zespo\u0142u \u2013 Danuta Hulewicz<\/p>\n<p>Harmonogram spotka\u0144 Zespo\u0142u Pedagog\u00f3w i Psycholog\u00f3w Szkolnych w roku szkolnym 2017\/2018<br \/>\ndodano: 25 pa\u017adziernika 2017 r.<br \/>\nNa spotkaniu organizacyjnym ustalony zosta\u0142 wst\u0119pny harmonogram spotka\u0144 Zespo\u0142u<br \/>\n22.09.2017r.<br \/>\n20.10.2017r.<br \/>\n24.11.2017r.<br \/>\n15.12.2017r.<br \/>\n19.01.2018r.<br \/>\n09.02.2018r.<br \/>\n16.03.2018r.<br \/>\n27.04.2018r.<br \/>\n18.05.2018r.<br \/>\n08.06.2018r.<br \/>\nSpotkania b\u0119d\u0105 odbywa\u0142y si\u0119 w pi\u0105tki, w godz. 9.00 &#8211; 11.00 (11.30) \u2013 w zale\u017cno\u015bci od realizowanego tematu, formy zaj\u0119\u0107. Najbli\u017csze &#8211; listopadowe spotkanie po\u015bwi\u0119cone b\u0119dzie m.in. diagnozie funkcjonalnej, identyfikacji barier i ogranicze\u0144 utrudniaj\u0105cych funkcjonowanie dziecka \/ucznia i jego uczestnictwo w \u017cyciu przedszkola, szko\u0142y. Na grudniowym spotkaniu, zgodnie ze wst\u0119pnymi ustaleniami poruszone zostan\u0105 zagadnienia zwi\u0105zane z programem profilaktyczno \u2013 wychowawczym, jego ewaluacj\u0105. Zapraszamy szkolnych specjalist\u00f3w do udzia\u0142u w spotkaniach sieci wsp\u00f3\u0142pracy i samokszta\u0142cenia \u2013 Zespo\u0142u Pedagog\u00f3w i Psycholog\u00f3w Szkolnych.<\/p>\n<p>Koordynator Zespo\u0142u Danuta Hulewicz<\/p>\n<p>Harmonogram spotka\u0144 Zespo\u0142u Pedagog\u00f3w i Psycholog\u00f3w Szkolnych w roku szkolnym 2016\/2017<br \/>\ndodano: 14 listopada 2016 r.<br \/>\nNa spotkaniu organizacyjnym ustalony zosta\u0142 wst\u0119pny harmonogram spotka\u0144 Zespo\u0142u<br \/>\n23.09.2016r.<br \/>\n25.11.2016r.<br \/>\n27.01.2017r.<br \/>\n24.03.2017r.<br \/>\n19.05.2017r.<br \/>\n09.06.2017r.<\/p>\n<p>Spotkania b\u0119d\u0105 odbywa\u0142y si\u0119 w pi\u0105tki, w godz. 9.00 &#8211; 11.00 (11.30) \u2013 w zale\u017cno\u015bci od realizowanego tematu, formy zaj\u0119\u0107. Najbli\u017csze &#8211; listopadowe spotkanie po\u015bwi\u0119cone b\u0119dzie organizacji pomocy psychologiczno \u2013 pedagogicznej w szkole i zwi\u0105zanej z ni\u0105 dokumentacji. W kr\u0119gu zainteresowa\u0144 szkolnych specjalist\u00f3w s\u0105 r\u00f3wnie\u017c mediacje r\u00f3wie\u015bnicze. Zapraszamy szkolnych specjalist\u00f3w do udzia\u0142u w spotkaniach sieci wsp\u00f3\u0142pracy i samokszta\u0142cenia \u2013 Zespo\u0142u Pedagog\u00f3w i Psycholog\u00f3w Szkolnych.<\/p>\n<p>Koordynator Zespo\u0142u Danuta Hulewicz<\/p>\n<p>ZAPROSZENIE NA SPOTKANIA ZESPO\u0141U PEDAGOG\u00d3W I PSYCHOLOG\u00d3W SZKOLNYCH<br \/>\ndodano: 15 wrze\u015bnia 2016 r.<br \/>\nZapraszamy PEDAGOG\u00d3W I PSYCHOLOG\u00d3W SZKOLNYCH ze szk\u00f3\u0142 w powiecie \u015bredzkim na cykliczne spotkania organizowane w tutejszej Poradni. Celem tych spotka\u0144 jest m.in. integracja \u015brodowiska specjalist\u00f3w pracuj\u0105cych w szko\u0142ach na terenie powiatu, wzbogacanie warsztatu pracy pedagoga\/psychologa szkolnego, wymiana do\u015bwiadcze\u0144, doskonalenie umiej\u0119tno\u015bci radzenia sobie w trudnych sytuacjach zawodowych.<\/p>\n<p>Pierwsze z cyklu spotka\u0144 odb\u0119dzie si\u0119 23 wrze\u015bnia 2016r. w godzinach 9.00 &#8211; 12.00, w siedzibie Poradni. Zostan\u0105 na nim ustalone m.in. terminy kolejnych spotka\u0144 zespo\u0142u ich forma oraz wst\u0119pna tematyka. Na spotkaniu szkolni specjali\u015bci zostan\u0105 r\u00f3wnie\u017c zapoznani z Powiatowym Programem &#8222;Efektywne Doradztwo Zawodowe w powiecie \u015bredzkim&#8221;.<\/p>\n<p>Pedagog\u00f3w i psycholog\u00f3w szkolnych zainteresowanych udzia\u0142em w spotkaniach Zespo\u0142u prosz\u0119 o zg\u0142oszenia w terminie do 17 wrze\u015bnia 2016r. pod numerem telefonu 61 285 32 07 lub na adres mailowy Poradni pppsroda@wpl.pl<\/p>\n<p>Koordynator Zespo\u0142u Danuta Hulewicz<\/p>\n<p>SPOTKANIE SZKOLENIOWE DOTYCZ\u0104CE DEPRESJI U DZIECI I M\u0141ODZIE\u017bY<br \/>\ndodano: 1 luty 2016 r.<br \/>\nInformujemy, \u017ce w dniach 12 i 19 lutego 2016r. w siedzibie Poradni (\u015aroda Wlkp. ul. \u017bwirki i Wigury 3), w godzinach 9.00 \u2013 15.00 b\u0119d\u0105 mia\u0142y miejsce spotkania szkoleniowe dotycz\u0105ce problemu depresji u dzieci i m\u0142odzie\u017cy. Ich adresatami s\u0105 pedagodzy i psycholodzy szkolni ze szk\u00f3\u0142 powiatu \u015bredzkiego.<br \/>\nOsoba prowadz\u0105ca: Anna Filipiak \u2013 Siewodnik \u2013 psycholog, psychoterapeuta. W ka\u017cdym spotkaniu we\u017amie udzia\u0142 inna grupa uczestnik\u00f3w \u2013 listy dzienne zosta\u0142y przekazane osobom, kt\u00f3re s\u0105 zainteresowane uczestnictwem.<\/p>\n<p>Koordynator Zespo\u0142u<br \/>\nDanuta Hulewicz<\/p>\n<p>INFORMACJA O PUBLIKACJACH Z ZAKRESU PROFILAKTYKI UZALE\u017bNIE\u0143 BEHAWIORALNYCH<br \/>\ndodano: 1 luty 2016 r.<br \/>\nPrzedstawiamy publikacj\u0119 wydan\u0105 przez Fundacj\u0119 Poza Schematami, skierowan\u0105 do specjalist\u00f3w prowadz\u0105cych zaj\u0119cia profilaktyczne w oddzia\u0142ach przedszkolnych (roczne przygotowanie przedszkolne).<br \/>\nSk\u0142ada si\u0119 ona z dw\u00f3ch broszur \u2013 dla specjalist\u00f3w (\u201eKreatywna profilaktyka dla najm\u0142odszych. Poradnik dla realizator\u00f3w zaj\u0119\u0107.\u201d) oraz karty pracy dla dzieci (\u201eRysia i Tolek na Cyberzachodzie, czyli opowie\u015b\u0107 o tym, jak dw\u00f3ch ma\u0142ych \u015bmia\u0142k\u00f3w Internet przemierza\u0142o i wiele przyg\u00f3d mia\u0142o\u201d). Podstawowym celem broszur jest promocja wiedzy na temat zagro\u017ce\u0144 zwi\u0105zanych z uzale\u017cnieniami behawioralnymi (media elektroniczne) oraz czynnik\u00f3w chroni\u0105cych przed nimi.<\/p>\n<p>Na stronie Fundacji znajduj\u0105 si\u0119 r\u00f3wnie\u017c broszury dla uczni\u00f3w szk\u00f3\u0142 gimnazjalnych oraz nauczycieli: 1) jedna publikacja skierowana do specjalist\u00f3w pracuj\u0105cych z adolescentami \u201eProfilaktyka uzale\u017cnie\u0144 behawioralnych w\u015br\u00f3d m\u0142odzie\u017cy gimnazjalnej\u201d, 2) dwa opracowania adresowane do uczni\u00f3w \u201eMi\u0142o\u015b\u0107 a elektroniczna fascynacja. Co warto wiedzie\u0107 o nawi\u0105zywaniu znajomo\u015bci w sieci?\u201d oraz \u201eBHP u\u017cytkownika medi\u00f3w elektronicznych\u201d.<br \/>\nBroszury w wersji PDF mo\u017cna pobra\u0107 ze strony Fundacji Poza Schematami http:\/\/www.fundacjapozaschematami.pl\/<br \/>\nProsimy o przekazanie informacji zainteresowanym nauczycielom oraz specjalistom zatrudnionym w szko\u0142ach.<\/p>\n<p>Harmonogram spotka\u0144 Zespo\u0142u Pedagog\u00f3w i Psycholog\u00f3w Szkolnych<br \/>\ndodano: 14 pa\u017adziernika 2015 r.<br \/>\n23.10.2015r.<br \/>\n27.11.2015r.<br \/>\n18.12.2015r.<br \/>\n12.02.2016r.<br \/>\n18.03.2016r.<br \/>\n22.04.2016r.<br \/>\n20.05.2016r.<br \/>\nSpotkania b\u0119d\u0105 odbywa\u0142y si\u0119 w pi\u0105tki, w godz. 8.30 &#8211; 10.30 (11.00)<\/p>\n","protected":false},"excerpt":{"rendered":"<p>ZAPRASZAMY NAUCZYCIELI I SPECJALIST\u00d3W DO UDZIA\u0141U W SPOTKANIACH SIECI WSP\u00d3\u0141PRACY I SAMOKSZTA\u0141CENIA W ROKU SZKOLNYM 2022\/2023 Poradnia Psychologiczno \u2013 Pedagogiczna w \u015arodzie Wlkp. zaprasza ch\u0119tnych&hellip; <a class=\"continue\" href=\"https:\/\/pppsroda.pl\/index.php\/informacje-dla-pedagogow\/\">Continue Reading<span> Informacje dla pedagog\u00f3w<\/span><\/a><\/p>\n","protected":false},"author":1,"featured_media":0,"parent":0,"menu_order":0,"comment_status":"closed","ping_status":"closed","template":"","meta":{"footnotes":""},"class_list":["post-109","page","type-page","status-publish","hentry"],"_links":{"self":[{"href":"https:\/\/pppsroda.pl\/index.php\/wp-json\/wp\/v2\/pages\/109","targetHints":{"allow":["GET"]}}],"collection":[{"href":"https:\/\/pppsroda.pl\/index.php\/wp-json\/wp\/v2\/pages"}],"about":[{"href":"https:\/\/pppsroda.pl\/index.php\/wp-json\/wp\/v2\/types\/page"}],"author":[{"embeddable":true,"href":"https:\/\/pppsroda.pl\/index.php\/wp-json\/wp\/v2\/users\/1"}],"replies":[{"embeddable":true,"href":"https:\/\/pppsroda.pl\/index.php\/wp-json\/wp\/v2\/comments?post=109"}],"version-history":[{"count":15,"href":"https:\/\/pppsroda.pl\/index.php\/wp-json\/wp\/v2\/pages\/109\/revisions"}],"predecessor-version":[{"id":219,"href":"https:\/\/pppsroda.pl\/index.php\/wp-json\/wp\/v2\/pages\/109\/revisions\/219"}],"wp:attachment":[{"href":"https:\/\/pppsroda.pl\/index.php\/wp-json\/wp\/v2\/media?parent=109"}],"curies":[{"name":"wp","href":"https:\/\/api.w.org\/{rel}","templated":true}]}}