{"id":105,"date":"2022-05-11T18:44:20","date_gmt":"2022-05-11T18:44:20","guid":{"rendered":"http:\/\/pppsroda.pl\/?page_id=105"},"modified":"2022-05-11T18:44:30","modified_gmt":"2022-05-11T18:44:30","slug":"publikacje","status":"publish","type":"page","link":"https:\/\/pppsroda.pl\/index.php\/publikacje\/","title":{"rendered":"Publikacje"},"content":{"rendered":"<h3>Publikacje<\/h3>\n<p>Mowa ma\u0142ego dziecka 0-7 rok \u017cycia dokument w formacie *.pdf<br \/>\nSytuacja szkolna uczni\u00f3w niepe\u0142nosprawnych &#8211; raport: mgr Danuta Hulewicz (dodano: 2010.03.24, plik w formacie *.pdf)<br \/>\nADHD- uwagi dla rodzic\u00f3w: mgr Agnieszka Grze\u015bkowiak, mgr Ewa Tryjanowska (plik w formacie *.doc)<br \/>\nPropozycje zabaw z ma\u0142ymi dzie\u0107mi (plik w formacie *.doc)<br \/>\nDostosowanie do indywidualnych potrzeb uczni\u00f3w; mgr Beata Wi\u015bniewska (plik w formacie *.pdf)<br \/>\nDyskalkulia \u2013 problemy w uczeniu si\u0119 matematyki: mgr Beata Wi\u015bniewska, mgr Danuta Hulewicz (plik w formacie *.pdf)<\/p>\n<p>Sze\u015b\u0107 wskaz\u00f3wek jak rozmawia\u0107 z osob\u0105 j\u0105kaj\u0105c\u0105 si\u0119 (plik w formacie *.pdf)<br \/>\nMity na temat j\u0105kania (plik w formacie *.pdf)<br \/>\n7 wskaz\u00f3wek dla rodzic\u00f3w, jak rozmawia\u0107 z dzieckiem (plik w formacie *.pdf)<\/p>\n","protected":false},"excerpt":{"rendered":"<p>Publikacje Mowa ma\u0142ego dziecka 0-7 rok \u017cycia dokument w formacie *.pdf Sytuacja szkolna uczni\u00f3w niepe\u0142nosprawnych &#8211; raport: mgr Danuta Hulewicz (dodano: 2010.03.24, plik w formacie&hellip; <a class=\"continue\" href=\"https:\/\/pppsroda.pl\/index.php\/publikacje\/\">Continue Reading<span> Publikacje<\/span><\/a><\/p>\n","protected":false},"author":1,"featured_media":0,"parent":0,"menu_order":0,"comment_status":"closed","ping_status":"closed","template":"","meta":{"footnotes":""},"class_list":["post-105","page","type-page","status-publish","hentry"],"_links":{"self":[{"href":"https:\/\/pppsroda.pl\/index.php\/wp-json\/wp\/v2\/pages\/105","targetHints":{"allow":["GET"]}}],"collection":[{"href":"https:\/\/pppsroda.pl\/index.php\/wp-json\/wp\/v2\/pages"}],"about":[{"href":"https:\/\/pppsroda.pl\/index.php\/wp-json\/wp\/v2\/types\/page"}],"author":[{"embeddable":true,"href":"https:\/\/pppsroda.pl\/index.php\/wp-json\/wp\/v2\/users\/1"}],"replies":[{"embeddable":true,"href":"https:\/\/pppsroda.pl\/index.php\/wp-json\/wp\/v2\/comments?post=105"}],"version-history":[{"count":2,"href":"https:\/\/pppsroda.pl\/index.php\/wp-json\/wp\/v2\/pages\/105\/revisions"}],"predecessor-version":[{"id":107,"href":"https:\/\/pppsroda.pl\/index.php\/wp-json\/wp\/v2\/pages\/105\/revisions\/107"}],"wp:attachment":[{"href":"https:\/\/pppsroda.pl\/index.php\/wp-json\/wp\/v2\/media?parent=105"}],"curies":[{"name":"wp","href":"https:\/\/api.w.org\/{rel}","templated":true}]}}