{"id":102,"date":"2022-05-11T18:43:41","date_gmt":"2022-05-11T18:43:41","guid":{"rendered":"http:\/\/pppsroda.pl\/?page_id=102"},"modified":"2026-04-13T19:57:26","modified_gmt":"2026-04-13T19:57:26","slug":"wnioski-druki-do-pobrania","status":"publish","type":"page","link":"https:\/\/pppsroda.pl\/index.php\/wnioski-druki-do-pobrania\/","title":{"rendered":"Wnioski, druki do pobrania"},"content":{"rendered":"<p>Klauzula RODO<\/p>\n<h3>Druki na potrzeb\u0119 zespo\u0142u orzekaj\u0105cego<\/h3>\n<ol>\n<li><a href=\"https:\/\/pppsroda.pl\/wp-content\/uploads\/2026\/04\/Wniosek-o-wydanie-orzeczenia_opiniiWWR_2026-1.doc\">Wniosek o wydanie orzeczenia opinii WWR_2026<\/a><\/li>\n<li><a href=\"https:\/\/pppsroda.pl\/wp-content\/uploads\/2026\/04\/Zaswiadczenie-lekarskie_do-indywidualnego_2026-1.doc\">Za\u015bwiadczenie lekarskie_do indywidualnego_2026<\/a><\/li>\n<li><a href=\"https:\/\/pppsroda.pl\/wp-content\/uploads\/2026\/04\/Zaswiadczenie-lekarskie_do-ksztalc.spec_2026_niep.ruchowa_afazja_spektrum-autyzmu-1.doc\">Za\u015bwiadczenie lekarskie_do kszta\u0142c.spec_2026 niepe\u0142nosprawno\u015b\u0107 ruchowa, afazja, spektrum, autyzmu<\/a><\/li>\n<li><a href=\"https:\/\/pppsroda.pl\/wp-content\/uploads\/2026\/04\/Zaswiadczenie-lekarskie_do-ksztalc.spec_2026_slabe-slyszenie-nieslyszenie-1.doc\">Za\u015bwiadczenie lekarskie_do kszta\u0142c.spec_2026_s\u0142abe s\u0142yszenie, nies\u0142yszenie<\/a><\/li>\n<li><a href=\"https:\/\/pppsroda.pl\/wp-content\/uploads\/2026\/04\/Zaswiadczenie-lekarskie_do-ksztalc.spec_2026_slabe-widzenie-niewidzenie-1.doc\">Za\u015bwiadczenie lekarskie_do kszta\u0142c.spec_2026_s\u0142abe widzenie, niewidzenie<\/a><\/li>\n<li><a href=\"https:\/\/pppsroda.pl\/wp-content\/uploads\/2026\/04\/Zaswiadczenie-lekarskie_do-ksztalc.spec_2026_gleboka-niep_zajecia-rewalidacyjno_wychowawcze-1.doc\">Za\u015bwiadczenie lekarskie_do kszta\u0142c.spec_2026_g\u0142\u0119boka niep_zaj\u0119cia rewalidacyjno_wychowawcze<\/a><\/li>\n<li><a href=\"https:\/\/pppsroda.pl\/wp-content\/uploads\/2026\/04\/Zaswiadczenie-lekarskie_do-ksztalc.spec_2026_zagrozenie-niedost.-spolecznym-niedost.-spoleczne-1.doc\">Za\u015bwiadczenie lekarskie_do kszta\u0142c.spec 2026 zagro\u017cenie niedost. spo\u0142ecznym, niedost. spo\u0142eczne<\/a><\/li>\n<li><a href=\"https:\/\/pppsroda.pl\/wp-content\/uploads\/2026\/04\/Zaswiadczenie-lekarskie-ogolne_2026_niepelnosprawnosc-intelektualna-1.doc\">Za\u015bwiadczenie lekarskie og\u00f3lne 2026 niepe\u0142nosprawno\u015b\u0107 intelektualna<\/a><\/li>\n<\/ol>\n<h3>Zindywidualizowana \u015bcie\u017cka kszta\u0142cenia<\/h3>\n<ol>\n<li><a href=\"https:\/\/pppsroda.pl\/wp-content\/uploads\/2024\/10\/wzor_OPINIA-ZE-SZKOLY-zindywidualizowana-sciezka-ksztalcenia_PPP.pdf\">Wz\u00f3r\u00a0 &#8211; OPINIA ZE SZKO\u0141Y zindywidualizowana \u015bcie\u017cka kszta\u0142cenia<\/a><\/li>\n<li><a href=\"http:\/\/pppsroda.pl\/wp-content\/uploads\/2025\/10\/zaswiadczenie-lekarskie_zindywidualizowana-sciezka-ksztalcenia_2024.docx\">Za\u015bwiadczenie lekarskie zindywidualizowana \u015bcie\u017cka kszta\u0142cenia_2024<\/a>\n<ol>\n<li style=\"list-style-type: none;\"><\/li>\n<\/ol>\n<\/li>\n<\/ol>\n<h3>Dla rodzica<\/h3>\n<ol>\n<li><a href=\"https:\/\/pppsroda.pl\/wp-content\/uploads\/2022\/06\/wniosek-rodzica-o-przekazanie-teczki-z-poradni_specjalistycznej-dla-dzieci-z-autyzmem-1.docx\">Wniosek rodzica o przekazanie teczki z poradni_specjalistycznej dla dzieci z autyzmem.docx<\/a><\/li>\n<\/ol>\n<h3>Dla nauczyciela<\/h3>\n<ol>\n<li><a href=\"https:\/\/pppsroda.pl\/wp-content\/uploads\/2022\/06\/zgloszenie-na-spotkanie-w-szkole.doc\">Zg\u0142oszenie na spotkanie w szkole.doc<\/a><\/li>\n<\/ol>\n<p>&nbsp;<\/p>\n","protected":false},"excerpt":{"rendered":"<p>Klauzula RODO Druki na potrzeb\u0119 zespo\u0142u orzekaj\u0105cego Wniosek o wydanie orzeczenia opinii WWR_2026 Za\u015bwiadczenie lekarskie_do indywidualnego_2026 Za\u015bwiadczenie lekarskie_do kszta\u0142c.spec_2026 niepe\u0142nosprawno\u015b\u0107 ruchowa, afazja, spektrum, autyzmu Za\u015bwiadczenie&hellip; <a class=\"continue\" href=\"https:\/\/pppsroda.pl\/index.php\/wnioski-druki-do-pobrania\/\">Continue Reading<span> Wnioski, druki do pobrania<\/span><\/a><\/p>\n","protected":false},"author":1,"featured_media":0,"parent":0,"menu_order":0,"comment_status":"closed","ping_status":"closed","template":"","meta":{"footnotes":""},"class_list":["post-102","page","type-page","status-publish","hentry"],"_links":{"self":[{"href":"https:\/\/pppsroda.pl\/index.php\/wp-json\/wp\/v2\/pages\/102","targetHints":{"allow":["GET"]}}],"collection":[{"href":"https:\/\/pppsroda.pl\/index.php\/wp-json\/wp\/v2\/pages"}],"about":[{"href":"https:\/\/pppsroda.pl\/index.php\/wp-json\/wp\/v2\/types\/page"}],"author":[{"embeddable":true,"href":"https:\/\/pppsroda.pl\/index.php\/wp-json\/wp\/v2\/users\/1"}],"replies":[{"embeddable":true,"href":"https:\/\/pppsroda.pl\/index.php\/wp-json\/wp\/v2\/comments?post=102"}],"version-history":[{"count":60,"href":"https:\/\/pppsroda.pl\/index.php\/wp-json\/wp\/v2\/pages\/102\/revisions"}],"predecessor-version":[{"id":633,"href":"https:\/\/pppsroda.pl\/index.php\/wp-json\/wp\/v2\/pages\/102\/revisions\/633"}],"wp:attachment":[{"href":"https:\/\/pppsroda.pl\/index.php\/wp-json\/wp\/v2\/media?parent=102"}],"curies":[{"name":"wp","href":"https:\/\/api.w.org\/{rel}","templated":true}]}}